{"id":5212,"date":"2025-07-14T07:26:28","date_gmt":"2025-07-14T04:26:28","guid":{"rendered":"http:\/\/dummy.xtemos.com\/woodmart2\/?page_id=5212"},"modified":"2025-07-31T12:54:33","modified_gmt":"2025-07-31T09:54:33","slug":"meist","status":"publish","type":"page","link":"https:\/\/brainiwood.com\/fi\/meist\/","title":{"rendered":"Meist\u00e4"},"content":{"rendered":"<div class=\"wpb-content-wrapper\"><p>[vc_row css=&#8221;.vc_custom_1629877038080{margin-bottom: 40px !important;}&#8221; mobile_bg_img_hidden=&#8221;no&#8221; tablet_bg_img_hidden=&#8221;no&#8221; woodmart_parallax=&#8221;0&#8243; woodmart_gradient_switch=&#8221;no&#8221; row_reverse_mobile=&#8221;1&#8243; row_reverse_tablet=&#8221;1&#8243; woodmart_disable_overflow=&#8221;0&#8243; wd_z_index=&#8221;no&#8221; woodmart_css_id=&#8221;6125f32826e3d&#8221; responsive_spacing=&#8221;eyJwYXJhbV90eXBlIjoid29vZG1hcnRfcmVzcG9uc2l2ZV9zcGFjaW5nIiwic2VsZWN0b3JfaWQiOiI2MTI1ZjMyODI2ZTNkIiwic2hvcnRjb2RlIjoidmNfcm93IiwiZGF0YSI6eyJ0YWJsZXQiOnt9LCJtb2JpbGUiOnsibWFyZ2luLWJvdHRvbSI6IjIwIn19fQ==&#8221;][vc_column css=&#8221;.vc_custom_1629877010833{margin-bottom: 40px !important;padding-top: 0px !important;}&#8221; mobile_bg_img_hidden=&#8221;no&#8221; tablet_bg_img_hidden=&#8221;no&#8221; woodmart_parallax=&#8221;0&#8243; woodmart_sticky_column=&#8221;false&#8221; parallax_scroll=&#8221;no&#8221; mobile_reset_margin=&#8221;no&#8221; tablet_reset_margin=&#8221;no&#8221; offset=&#8221;vc_col-lg-6 vc_col-md-6&#8243; wd_z_index=&#8221;no&#8221; woodmart_css_id=&#8221;6125f30edad72&#8243; responsive_spacing=&#8221;eyJwYXJhbV90eXBlIjoid29vZG1hcnRfcmVzcG9uc2l2ZV9zcGFjaW5nIiwic2VsZWN0b3JfaWQiOiI2MTI1ZjMwZWRhZDcyIiwic2hvcnRjb2RlIjoidmNfY29sdW1uIiwiZGF0YSI6eyJ0YWJsZXQiOnt9LCJtb2JpbGUiOnt9fX0=&#8221;]\t\t<div id=\"wd-68787876244b0\" class=\"wd-image wd-wpb wd-rs-68787876244b0 text-left vc_custom_1752725823360\">\n\t\t\t\n\t\t\t<img loading=\"lazy\" decoding=\"async\" width=\"580\" height=\"580\" src=\"https:\/\/brainiwood.com\/wp-content\/uploads\/2025\/07\/Untitled-design-1.png\" class=\"attachment-full size-full\" alt=\"Untitled design (1)\" srcset=\"https:\/\/brainiwood.com\/wp-content\/uploads\/2025\/07\/Untitled-design-1.png 580w, https:\/\/brainiwood.com\/wp-content\/uploads\/2025\/07\/Untitled-design-1-300x300.png 300w, https:\/\/brainiwood.com\/wp-content\/uploads\/2025\/07\/Untitled-design-1-150x150.png 150w, https:\/\/brainiwood.com\/wp-content\/uploads\/2025\/07\/Untitled-design-1-430x430.png 430w\" sizes=\"auto, (max-width: 580px) 100vw, 580px\" \/>\n\t\t\t\t\t<\/div>\n\t\t[\/vc_column][vc_column css=&#8221;.vc_custom_1629877027060{margin-bottom: 40px !important;padding-top: 40px !important;}&#8221; mobile_bg_img_hidden=&#8221;no&#8221; tablet_bg_img_hidden=&#8221;no&#8221; woodmart_parallax=&#8221;0&#8243; woodmart_sticky_column=&#8221;false&#8221; parallax_scroll=&#8221;no&#8221; mobile_reset_margin=&#8221;no&#8221; tablet_reset_margin=&#8221;no&#8221; offset=&#8221;vc_col-lg-offset-1 vc_col-lg-5 vc_col-md-6 vc_col-xs-12&#8243; wd_z_index=&#8221;no&#8221; woodmart_css_id=&#8221;6125f320eb687&#8243; responsive_spacing=&#8221;eyJwYXJhbV90eXBlIjoid29vZG1hcnRfcmVzcG9uc2l2ZV9zcGFjaW5nIiwic2VsZWN0b3JfaWQiOiI2MTI1ZjMyMGViNjg3Iiwic2hvcnRjb2RlIjoidmNfY29sdW1uIiwiZGF0YSI6eyJ0YWJsZXQiOnt9LCJtb2JpbGUiOnsicGFkZGluZy10b3AiOiIwIn19fQ==&#8221;]\n\t\t<div id=\"wd-688b3cd2d7764\" class=\"title-wrapper wd-wpb wd-set-mb reset-last-child  wd-rs-688b3cd2d7764 wd-title-color-primary wd-title-style-default text-left vc_custom_1753955558385 wd-underline-colored\">\n\t\t\t\n\t\t\t<div class=\"liner-continer\">\n\t\t\t\t<h4 class=\"woodmart-title-container title  wd-font-weight- wd-fontsize-xxl\" >Miksi BrainiWood perustettiin<\/h4>\n\t\t\t\t\t\t\t<\/div>\n\t\t\t\n\t\t\t\n\t\t\t\n\t\t<\/div>\n\t\t\n\t\t\t\t<div id=\"wd-688b3ce7ebe5b\" class=\"wd-text-block wd-wpb reset-last-child wd-rs-688b3ce7ebe5b text-left wd-width-enabled wd-fontsize-s vc_custom_1753955577700\" style=\"--wd-max-width: 90%;\">\n\t\t\t<p><em>BrainiWood sai alkunsa intohimoisista puuty\u00f6l\u00e4isist\u00e4 \u2013 ja perheest\u00e4, joka rakastaa luovuutta, luontoa ja yhdess\u00e4oloa.<\/em><\/p>\n\t\t<\/div>\n\t\t\t\t<div id=\"wd-688b3cfb546a0\" class=\"wd-text-block wd-wpb reset-last-child wd-rs-688b3cfb546a0 text-left wd-fontsize-custom vc_custom_1753955599790\">\n\t\t\t<p>Meid\u00e4n matkamme alkoi halusta jakaa rakkauttamme puuhun ja k\u00e4sill\u00e4 tekemiseen \u2013 sek\u00e4 antaa ihmisille mahdollisuus kokea se erityinen ilo, joka syntyy, kun luot jotain itse.<\/p>\n<p>Missiomme on inspiroida ihmisi\u00e4 luomaan ja rakentamaan \u2013 niin itselleen kuin yhdess\u00e4 perheen tai yst\u00e4vien kanssa. Uskomme, ett\u00e4 luova ja hieman \u201daivoja raksuttava\u201d yhteinen aika on parasta laatuaikaa, joka vahvistaa yhteyksi\u00e4 ja tuo el\u00e4m\u00e4\u00e4n iloa.<\/p>\n<p>Kaikki palapelimme on valmistettu luonnollisesta puusta \u2013 ilman muovia ja ilman kirkuvia v\u00e4rej\u00e4. Ne ovat terveellisi\u00e4 ja luonnonl\u00e4heisi\u00e4, ja samalla ne toimivat kauniina sisustuselementtin\u00e4. Halutessasi voit maalata palapelin my\u00f6hemmin itse ja antaa sille oman persoonallisen ilmeen.<\/p>\n<p>BrainiWood on enemm\u00e4n kuin pelk\u00e4t palapelit \u2013 se on mahdollisuus pys\u00e4hty\u00e4, antaa luovuuden lent\u00e4\u00e4 ja nauttia puhtaan puun kauneudesta.<\/p>\n\t\t<\/div>\n\t\t[vc_separator color=&#8221;custom&#8221; css=&#8221;.vc_custom_1615616514122{margin-bottom: 20px !important;padding-top: 10px !important;}&#8221; accent_color=&#8221;rgba(10,10,10,0.12)&#8221;][\/vc_column][\/vc_row]<\/p>\n<\/div>","protected":false},"excerpt":{"rendered":"<p>[vc_row css=&#8221;.vc_custom_1629877038080{margin-bottom: 40px !important;}&#8221; mobile_bg_img_hidden=&#8221;no&#8221; tablet_bg_img_hidden=&#8221;no&#8221; woodmart_parallax=&#8221;0&#8243; woodmart_gradient_switch=&#8221;no&#8221; row_reverse_mobile=&#8221;1&#8243; row_reverse_tablet=&#8221;1&#8243; woodmart_disable_overflow=&#8221;0&#8243; wd_z_index=&#8221;no&#8221; woodmart_css_id=&#8221;6125f32826e3d&#8221; responsive_spacing=&#8221;eyJwYXJhbV90eXBlIjoid29vZG1hcnRfcmVzcG9uc2l2ZV9zcGFjaW5nIiwic2VsZWN0b3JfaWQiOiI2MTI1ZjMyODI2ZTNkIiwic2hvcnRjb2RlIjoidmNfcm93IiwiZGF0YSI6eyJ0YWJsZXQiOnt9LCJtb2JpbGUiOnsibWFyZ2luLWJvdHRvbSI6IjIwIn19fQ==&#8221;][vc_column css=&#8221;.vc_custom_1629877010833{margin-bottom: 40px !important;padding-top: 0px !important;}&#8221; mobile_bg_img_hidden=&#8221;no&#8221;<\/p>\n","protected":false},"author":1,"featured_media":0,"parent":0,"menu_order":0,"comment_status":"closed","ping_status":"closed","template":"","meta":{"footnotes":""},"class_list":["post-5212","page","type-page","status-publish","hentry"],"_links":{"self":[{"href":"https:\/\/brainiwood.com\/fi\/wp-json\/wp\/v2\/pages\/5212","targetHints":{"allow":["GET"]}}],"collection":[{"href":"https:\/\/brainiwood.com\/fi\/wp-json\/wp\/v2\/pages"}],"about":[{"href":"https:\/\/brainiwood.com\/fi\/wp-json\/wp\/v2\/types\/page"}],"author":[{"embeddable":true,"href":"https:\/\/brainiwood.com\/fi\/wp-json\/wp\/v2\/users\/1"}],"replies":[{"embeddable":true,"href":"https:\/\/brainiwood.com\/fi\/wp-json\/wp\/v2\/comments?post=5212"}],"version-history":[{"count":5,"href":"https:\/\/brainiwood.com\/fi\/wp-json\/wp\/v2\/pages\/5212\/revisions"}],"predecessor-version":[{"id":10757,"href":"https:\/\/brainiwood.com\/fi\/wp-json\/wp\/v2\/pages\/5212\/revisions\/10757"}],"wp:attachment":[{"href":"https:\/\/brainiwood.com\/fi\/wp-json\/wp\/v2\/media?parent=5212"}],"curies":[{"name":"wp","href":"https:\/\/api.w.org\/{rel}","templated":true}]}}