{"id":10534,"date":"2025-07-16T23:29:15","date_gmt":"2025-07-16T20:29:15","guid":{"rendered":"https:\/\/brainiwood.com\/uus\/?post_type=product&#038;p=10534"},"modified":"2026-02-21T11:37:49","modified_gmt":"2026-02-21T09:37:49","slug":"puidust-3d-pusle-tahtkujudega-seinakell-3d","status":"publish","type":"product","link":"https:\/\/brainiwood.com\/fi\/toode\/puidust-3d-pusle-tahtkujudega-seinakell-3d\/","title":{"rendered":"T\u00e4htikuvioinen sein\u00e4kello \u2013 3D puinen pulma"},"content":{"rendered":"<p><\/p>\n<ul>\n<li>T\u00e4htikuvi sein\u00e4kello \u2013 3D puinen palapeli<\/li>\n<li>\n<p data-start=\"774\" data-end=\"1034\"><strong data-start=\"774\" data-end=\"819\">T\u00e4htikuvi sein\u00e4kello \u2013 3D puinen palapeli<\/strong> on yksityiskohtainen ja mekaaninen DIY-malli, jonka avulla voit rakentaa toimivan sein\u00e4kellon tarkkoine t\u00e4htikuvioelementteineen. T\u00e4m\u00e4 puinen rakennussarja yhdist\u00e4\u00e4 tarkkuuden ja elegantin astronomisen muotoilun.<\/p>\n<p data-start=\"1036\" data-end=\"1214\">Valmis t\u00e4htikuvi sein\u00e4kello tarjoaa mukaansatempaavan rakennuskokemuksen ja kauniin lopputuloksen. T\u00e4m\u00e4 3D puinen malli sopii lahjaksi t\u00e4htitieteen ja DIY-palapelien yst\u00e4ville.<\/p>\n<\/li>\n<li class=\"large-2 col pb-0 mb-0\"><strong>Paino:<\/strong>\u00a01,2 kg<\/li>\n<li class=\"large-2 col pb-0 mb-0\"><strong>Pakkauksen koko:<\/strong>\u00a0470 * 309 * 55 mm (13,19 * 11,61 * 2,17 tuumaa)<\/li>\n<li class=\"detailmodule_text\">\n<p class=\"detail-desc-decorate-content\"><strong>Kokoamiskoko:<\/strong>\u00a0335*295*55 mm<\/p>\n<\/li>\n<li class=\"large-2 col pb-0 mb-0\"><strong>Kokoamisaika:<\/strong>\u00a0Noin 3,5 tuntia<\/li>\n<li class=\"large-2 col pb-0 mb-0\"><strong>Puukappaleet:<\/strong>\u00a0168 kpl<\/li>\n<\/ul>\n<p><\/p>","protected":false},"excerpt":{"rendered":"<p data-start=\"1094\" data-end=\"1324\">Toimitusaika: 3\u20137 arkip\u00e4iv\u00e4\u00e4<br \/>\nKaikki tilaukset l\u00e4hetet\u00e4\u00e4n nopeasti ja huolellisesti pakattuna. Useimmat tilaukset saapuvat 3\u20137 arkip\u00e4iv\u00e4n kuluessa.<\/p>\n<p data-start=\"1094\" data-end=\"1324\">T\u00e4m\u00e4 itse koottava 3D-puinen sein\u00e4kello yhdist\u00e4\u00e4 mekaniikan tarkkuuden ja t\u00e4htikuvioiden kauneuden. Kokoamisen j\u00e4lkeen siit\u00e4 tulee oikea toimiva kello, joka n\u00e4ytt\u00e4\u00e4 tarkkaa aikaa ja toimii tyylikk\u00e4\u00e4n\u00e4 sisustuselementtin\u00e4 kotonasi.<\/p>\n<p data-start=\"1326\" data-end=\"1356\">\u2728 <strong data-start=\"1328\" data-end=\"1354\">Miksi se on erityinen:<\/strong><\/p>\n<ul data-start=\"1357\" data-end=\"1509\">\n<li data-start=\"1357\" data-end=\"1408\">\n<p data-start=\"1359\" data-end=\"1408\">T\u00e4ydellinen yhdistelm\u00e4 mekaniikkaa ja muotoilua<\/p>\n<\/li>\n<li data-start=\"1409\" data-end=\"1431\">\n<p data-start=\"1411\" data-end=\"1431\">Toimiva sein\u00e4kello<\/p>\n<\/li>\n<li data-start=\"1432\" data-end=\"1476\">\n<p data-start=\"1434\" data-end=\"1476\">Kaunistaa ja tuo romantiikkaa huoneeseen<\/p>\n<\/li>\n<li data-start=\"1477\" data-end=\"1509\">\n<p data-start=\"1479\" data-end=\"1509\">Sopii lapsille ja aikuisille<\/p>\n<\/li>\n<\/ul>\n","protected":false},"featured_media":10539,"template":"","meta":[],"product_brand":[],"product_cat":[70],"product_tag":[82,87],"class_list":{"0":"post-10534","1":"product","2":"type-product","3":"status-publish","4":"has-post-thumbnail","6":"product_cat-puidust-3d-pusled","7":"product_tag-alustajad","8":"product_tag-mechanical","10":"first","11":"instock","12":"shipping-taxable","13":"purchasable","14":"product-type-simple"},"_links":{"self":[{"href":"https:\/\/brainiwood.com\/fi\/wp-json\/wp\/v2\/product\/10534","targetHints":{"allow":["GET"]}}],"collection":[{"href":"https:\/\/brainiwood.com\/fi\/wp-json\/wp\/v2\/product"}],"about":[{"href":"https:\/\/brainiwood.com\/fi\/wp-json\/wp\/v2\/types\/product"}],"wp:featuredmedia":[{"embeddable":true,"href":"https:\/\/brainiwood.com\/fi\/wp-json\/wp\/v2\/media\/10539"}],"wp:attachment":[{"href":"https:\/\/brainiwood.com\/fi\/wp-json\/wp\/v2\/media?parent=10534"}],"wp:term":[{"taxonomy":"product_brand","embeddable":true,"href":"https:\/\/brainiwood.com\/fi\/wp-json\/wp\/v2\/product_brand?post=10534"},{"taxonomy":"product_cat","embeddable":true,"href":"https:\/\/brainiwood.com\/fi\/wp-json\/wp\/v2\/product_cat?post=10534"},{"taxonomy":"product_tag","embeddable":true,"href":"https:\/\/brainiwood.com\/fi\/wp-json\/wp\/v2\/product_tag?post=10534"}],"curies":[{"name":"wp","href":"https:\/\/api.w.org\/{rel}","templated":true}]}}