{"id":10542,"date":"2025-07-16T23:32:17","date_gmt":"2025-07-16T20:32:17","guid":{"rendered":"https:\/\/brainiwood.com\/uus\/?post_type=product&#038;p=10542"},"modified":"2026-02-19T18:23:01","modified_gmt":"2026-02-19T16:23:01","slug":"puidust-3d-eiffeli-torn-vaike","status":"publish","type":"product","link":"https:\/\/brainiwood.com\/fi\/toode\/puidust-3d-eiffeli-torn-vaike\/","title":{"rendered":"3D-puupalapeli \u2013 Eiffel-torni"},"content":{"rendered":"<p>3D-palapelin Eiffel-torni ominaisuudet:<\/p>\n<p>Eritt\u00e4in tarkka laserleikkaus<br \/>\nKokoonpano ei vaadi liimaa<br \/>\nOsien lukum\u00e4\u00e4r\u00e4: 121<br \/>\nVaikeustaso \u2605\u2605\u2605\u2605\u2729<\/p>\n<p>Tuotetiedot:<\/p>\n<p>Materiaali: Ymp\u00e4rist\u00f6yst\u00e4v\u00e4llinen koivuvaneri<br \/>\nMitat: P 16,5 x L 16,5 x K 36,5 cm<br \/>\nV\u00e4ri: Luonnonpuu<br \/>\nPakkaus: Lahjapakkaus<br \/>\nPakkauksen mitat: P 23 x L 1,5 x K 15 cm<br \/>\nPakkauksen paino: 300 grammaa<\/p>","protected":false},"excerpt":{"rendered":"<p data-start=\"1247\" data-end=\"1418\">Toimitusaika: 3\u20137 arkip\u00e4iv\u00e4\u00e4<br \/>\nKaikki tilaukset l\u00e4hetet\u00e4\u00e4n nopeasti ja huolellisesti pakattuna. Useimmat tilaukset saapuvat 3\u20137 arkip\u00e4iv\u00e4n kuluessa.<\/p>\n<p data-start=\"1247\" data-end=\"1418\">Jokainen kaupassamme myyt\u00e4v\u00e4 palapeli on oma taideteoksensa, joka luo kotiin erityisen tunnelman. T\u00e4m\u00e4 <strong data-start=\"1350\" data-end=\"1366\">37 cm korkea<\/strong> malli on yksityiskohtainen ja kaunis lis\u00e4 kotiin.<\/p>\n<p data-start=\"1420\" data-end=\"1499\">K\u00e4ytt\u00f6ohje on niin yksityiskohtainen, ett\u00e4 my\u00f6s aloittelija voi koota mallin:<\/p>\n<ul data-start=\"1500\" data-end=\"1667\">\n<li data-start=\"1500\" data-end=\"1521\">\n<p data-start=\"1502\" data-end=\"1521\">Osat on numeroitu<\/p>\n<\/li>\n<li data-start=\"1522\" data-end=\"1563\">\n<p data-start=\"1524\" data-end=\"1563\">Kuvat n\u00e4ytt\u00e4v\u00e4t, mik\u00e4 osa menee minne<\/p>\n<\/li>\n<li data-start=\"1564\" data-end=\"1604\">\n<p data-start=\"1566\" data-end=\"1604\">Vaiheet ovat selkeit\u00e4 ja ytimekk\u00e4it\u00e4<\/p>\n<\/li>\n<li data-start=\"1605\" data-end=\"1667\">\n<p data-start=\"1607\" data-end=\"1667\">T\u00e4rkeiss\u00e4 vaiheissa on vinkkej\u00e4, mihin kiinnitt\u00e4\u00e4 huomiota<\/p>\n<\/li>\n<\/ul>\n<p data-start=\"1669\" data-end=\"1762\">T\u00e4ydellinen lahja arkkitehtuurin ja Pariisin yst\u00e4ville tai kaunis sisustuselementti kotiin.<\/p>\n","protected":false},"featured_media":10549,"template":"","meta":[],"product_brand":[],"product_cat":[70],"product_tag":[71,72,73],"class_list":{"0":"post-10542","1":"product","2":"type-product","3":"status-publish","4":"has-post-thumbnail","6":"product_cat-puidust-3d-pusled","7":"product_tag-71","8":"product_tag-3d-pusle-eiffeli-torn","9":"product_tag-eiffeli-torn","11":"first","12":"instock","13":"shipping-taxable","14":"purchasable","15":"product-type-simple"},"_links":{"self":[{"href":"https:\/\/brainiwood.com\/fi\/wp-json\/wp\/v2\/product\/10542","targetHints":{"allow":["GET"]}}],"collection":[{"href":"https:\/\/brainiwood.com\/fi\/wp-json\/wp\/v2\/product"}],"about":[{"href":"https:\/\/brainiwood.com\/fi\/wp-json\/wp\/v2\/types\/product"}],"wp:featuredmedia":[{"embeddable":true,"href":"https:\/\/brainiwood.com\/fi\/wp-json\/wp\/v2\/media\/10549"}],"wp:attachment":[{"href":"https:\/\/brainiwood.com\/fi\/wp-json\/wp\/v2\/media?parent=10542"}],"wp:term":[{"taxonomy":"product_brand","embeddable":true,"href":"https:\/\/brainiwood.com\/fi\/wp-json\/wp\/v2\/product_brand?post=10542"},{"taxonomy":"product_cat","embeddable":true,"href":"https:\/\/brainiwood.com\/fi\/wp-json\/wp\/v2\/product_cat?post=10542"},{"taxonomy":"product_tag","embeddable":true,"href":"https:\/\/brainiwood.com\/fi\/wp-json\/wp\/v2\/product_tag?post=10542"}],"curies":[{"name":"wp","href":"https:\/\/api.w.org\/{rel}","templated":true}]}}