{"id":10561,"date":"2025-07-16T23:53:37","date_gmt":"2025-07-16T20:53:37","guid":{"rendered":"https:\/\/brainiwood.com\/uus\/?post_type=product&#038;p=10561"},"modified":"2026-02-21T11:32:19","modified_gmt":"2026-02-21T09:32:19","slug":"puidust-3d-pusle-kuulikeste-rada-marmorist-oo","status":"publish","type":"product","link":"https:\/\/brainiwood.com\/fi\/toode\/puidust-3d-pusle-kuulikeste-rada-marmorist-oo\/","title":{"rendered":"3D-puupalapeli \u2013 Kuulien rata &#8221;Marmorinen y\u00f6kyyhkynen&#8221;"},"content":{"rendered":"<p>Puuinen 3D-palapeli \u2013 Kuulak\u00e4yt\u00e4v\u00e4 \u201eMarmori-y\u00f6kaupunki\u201c<\/p>\n<p data-start=\"874\" data-end=\"1144\"><strong data-start=\"874\" data-end=\"933\">Puuinen 3D-palapeli \u2013 Kuulak\u00e4yt\u00e4v\u00e4 \u201eMarmori-y\u00f6kaupunki\u201c<\/strong> on yksityiskohtainen ja mekaaninen DIY-malli, jonka avulla voit rakentaa liikkuvan kuulak\u00e4yt\u00e4v\u00e4n miniatyyrisen\u00e4 \u00f6\u00f6kaupungin inspiroimana. T\u00e4m\u00e4 puinen rakennussarja yhdist\u00e4\u00e4 tarkkuutta ja eleganttia muotoilua.<\/p>\n<p data-start=\"1146\" data-end=\"1330\">Valmis Marmori-y\u00f6kaupunki tarjoaa mukaansatempaavan rakennuskokemuksen ja kauniin lopputuloksen. T\u00e4m\u00e4 3D puinen malli on t\u00e4ydellinen lahja palapeli- ja mekaanisten mallien yst\u00e4ville.<\/p>\n<p>Laserleikatut puupalat<br \/>\nSopii lahjaksi<br \/>\nVaiheittaiset ohjeet<br \/>\nPalojen lukum\u00e4\u00e4r\u00e4: 294<br \/>\nVaikeustaso \u2605\u2605\u2605\u2605\u2729<\/p>\n<p>Tuotetiedot:<\/p>\n<p>Tuote: Marble Night City Marble Run<br \/>\nPuinen pienoismallirakennus<br \/>\nMateriaali: Vaneri, MDF<br \/>\nMitat: P 32,5 x L 21,4 x K 22,8 cm<br \/>\nV\u00e4ri: Luonnonv\u00e4rinen<br \/>\nPakkaus: Lahjalaatikko<br \/>\nPakkauksen mitat: P 32 x L 23,3 x K 5 cm<br \/>\nPakkauksen paino: 1000 grammaa<\/p>","protected":false},"excerpt":{"rendered":"<p data-start=\"1424\" data-end=\"1637\">Toimitusaika: 3\u20137 arkip\u00e4iv\u00e4\u00e4<br \/>\nKaikki tilaukset l\u00e4hetet\u00e4\u00e4n nopeasti ja huolellisesti pakattuna. Useimmat tilaukset saapuvat 3\u20137 arkip\u00e4iv\u00e4n kuluessa.<\/p>\n<p data-start=\"1424\" data-end=\"1637\">T\u00e4ysin puusta valmistettu 3D-palapeli, joka toimii my\u00f6s kauniina koristeena. Tee-se-itse -paketti sis\u00e4lt\u00e4\u00e4 kaiken, mit\u00e4 tarvitset kuulien radan kokoamiseen, yksityiskohtaisista ohjeista tarvittaviin ty\u00f6kaluihin.<\/p>\n<p data-start=\"1639\" data-end=\"1718\">Monimutkainen rattaiden ja py\u00f6rien j\u00e4rjestelm\u00e4 tarjoaa j\u00e4nnitt\u00e4vi\u00e4 haasteita:<\/p>\n<ul data-start=\"1719\" data-end=\"1836\">\n<li data-start=\"1719\" data-end=\"1732\">\n<p data-start=\"1721\" data-end=\"1732\">Tornijaot<\/p>\n<\/li>\n<li data-start=\"1733\" data-end=\"1759\">\n<p data-start=\"1735\" data-end=\"1759\">Kierrettyj\u00e4 liukum\u00e4ki\u00e4<\/p>\n<\/li>\n<li data-start=\"1760\" data-end=\"1780\">\n<p data-start=\"1762\" data-end=\"1780\">Nosturinkannatin<\/p>\n<\/li>\n<li data-start=\"1781\" data-end=\"1796\">\n<p data-start=\"1783\" data-end=\"1796\">Py\u00f6r\u00e4nostin<\/p>\n<\/li>\n<li data-start=\"1797\" data-end=\"1816\">\n<p data-start=\"1799\" data-end=\"1816\">Lyhyt liukum\u00e4ki<\/p>\n<\/li>\n<li data-start=\"1817\" data-end=\"1836\">\n<p data-start=\"1819\" data-end=\"1836\">Pienet kytkimet<\/p>\n<\/li>\n<\/ul>\n<p data-start=\"1838\" data-end=\"1949\">T\u00e4ydellinen lahja lapsille ja aikuisille, jotka rakastavat logiikkaa, k\u00e4sity\u00f6t\u00e4 ja interaktiivista viihdett\u00e4.<\/p>\n","protected":false},"featured_media":10566,"template":"","meta":[],"product_brand":[],"product_cat":[70],"product_tag":[87],"class_list":{"0":"post-10561","1":"product","2":"type-product","3":"status-publish","4":"has-post-thumbnail","6":"product_cat-puidust-3d-pusled","7":"product_tag-mechanical","9":"first","10":"instock","11":"shipping-taxable","12":"purchasable","13":"product-type-simple"},"_links":{"self":[{"href":"https:\/\/brainiwood.com\/fi\/wp-json\/wp\/v2\/product\/10561","targetHints":{"allow":["GET"]}}],"collection":[{"href":"https:\/\/brainiwood.com\/fi\/wp-json\/wp\/v2\/product"}],"about":[{"href":"https:\/\/brainiwood.com\/fi\/wp-json\/wp\/v2\/types\/product"}],"wp:featuredmedia":[{"embeddable":true,"href":"https:\/\/brainiwood.com\/fi\/wp-json\/wp\/v2\/media\/10566"}],"wp:attachment":[{"href":"https:\/\/brainiwood.com\/fi\/wp-json\/wp\/v2\/media?parent=10561"}],"wp:term":[{"taxonomy":"product_brand","embeddable":true,"href":"https:\/\/brainiwood.com\/fi\/wp-json\/wp\/v2\/product_brand?post=10561"},{"taxonomy":"product_cat","embeddable":true,"href":"https:\/\/brainiwood.com\/fi\/wp-json\/wp\/v2\/product_cat?post=10561"},{"taxonomy":"product_tag","embeddable":true,"href":"https:\/\/brainiwood.com\/fi\/wp-json\/wp\/v2\/product_tag?post=10561"}],"curies":[{"name":"wp","href":"https:\/\/api.w.org\/{rel}","templated":true}]}}