{"id":10567,"date":"2025-07-16T23:58:59","date_gmt":"2025-07-16T20:58:59","guid":{"rendered":"https:\/\/brainiwood.com\/uus\/?post_type=product&#038;p=10567"},"modified":"2026-02-21T11:27:15","modified_gmt":"2026-02-21T09:27:15","slug":"puidust-3d-pusle-eiffeli-torn-valgustusega","status":"publish","type":"product","link":"https:\/\/brainiwood.com\/fi\/toode\/puidust-3d-pusle-eiffeli-torn-valgustusega\/","title":{"rendered":"3D-palapeli \u201eEiffelin torni y\u00f6ll\u00e4"},"content":{"rendered":"<p>3D-palapeli \u201eEiffelin torni y\u00f6\u201c \u2013 mekaaninen miniatyyrimalli<\/p>\n<p data-start=\"800\" data-end=\"1031\"><strong data-start=\"800\" data-end=\"835\">3D-palapeli \u201eEiffelin torni y\u00f6\u201c<\/strong> on yksityiskohtainen ja tyylik\u00e4s miniatyyrimalli, jonka avulla voit rakentaa Eiffelin tornin y\u00f6valaistuksessa. T\u00e4m\u00e4 puinen rakennussarja yhdist\u00e4\u00e4 luovan kokoamisen ja arkkitehtonisen kauneuden.<\/p>\n<p data-start=\"1033\" data-end=\"1234\">Valmis Eiffelin torni y\u00f6valaistuksessa toimii kauniina sisustuselementtin\u00e4 ja tarjoaa mukaansatempaavan rakennuskokemuksen. T\u00e4m\u00e4 3D puinen malli sopii lahjaksi arkkitehtuurin ja palapelien yst\u00e4ville.<\/p>\n<p>Eritt\u00e4in tarkka laserleikkaus<br \/>\nKokoonpano ei vaadi liimaa<br \/>\nOsien lukum\u00e4\u00e4r\u00e4: 164<br \/>\nVaikeustaso \u2605\u2605\u2729\u2729\u2729<\/p>\n<p>Tuotetiedot:<\/p>\n<p>Materiaali: Ymp\u00e4rist\u00f6yst\u00e4v\u00e4llinen koivuvaneri<br \/>\nMitat: P 22 x L 21,3 x K 53 cm<br \/>\nV\u00e4ri: Luonnonpuu<br \/>\nPakkauksen mitat: P 31 x L 23 x K 6 cm<br \/>\nPakkauksen paino: 1065 grammaa<\/p>","protected":false},"excerpt":{"rendered":"<p data-start=\"1333\" data-end=\"1694\">Toimitusaika: 3\u20137 arkip\u00e4iv\u00e4\u00e4<br \/>\nKaikki tilaukset l\u00e4hetet\u00e4\u00e4n nopeasti ja huolellisesti pakattuna. Useimmat tilaukset saapuvat 3\u20137 arkip\u00e4iv\u00e4n kuluessa.<\/p>\n<p data-start=\"1333\" data-end=\"1694\">Tuo Pariisin taikaa kotiisi! T\u00e4m\u00e4 miniatuurinen 3D-malli on maailmankuulusta Eiffel-tornista inspiroitunut tarkka kopio, joka loistaa erityisen lumoavasti y\u00f6ll\u00e4 sis\u00e4\u00e4nrakennettujen l\u00e4mpimien LED-valojen ansiosta. Herkk\u00e4 ja ontto kaiverrettu malli voidaan koota <strong data-start=\"1594\" data-end=\"1613\">vain 3 tunnissa<\/strong>, t\u00e4ysin liimavapaasti. T\u00e4ydellinen lahja arkkitehtuurin ja Pariisin yst\u00e4ville!<\/p>\n<p data-start=\"1696\" data-end=\"1726\">\u2728 <strong data-start=\"1698\" data-end=\"1724\">Miksi se on erityinen:<\/strong><\/p>\n<ul data-start=\"1727\" data-end=\"1893\">\n<li data-start=\"1727\" data-end=\"1773\">\n<p data-start=\"1729\" data-end=\"1773\">Tarkka miniatuurinen kopio Eiffel-tornista<\/p>\n<\/li>\n<li data-start=\"1774\" data-end=\"1813\">\n<p data-start=\"1776\" data-end=\"1813\">Sis\u00e4\u00e4nrakennetut l\u00e4mpim\u00e4t LED-valot<\/p>\n<\/li>\n<li data-start=\"1814\" data-end=\"1849\">\n<p data-start=\"1816\" data-end=\"1849\">Liimivapaa ja valmis 3 tunnissa<\/p>\n<\/li>\n<li data-start=\"1850\" data-end=\"1893\">\n<p data-start=\"1852\" data-end=\"1893\">T\u00e4ydellinen lahja tai sisustuselementti<\/p>\n<\/li>\n<\/ul>\n","protected":false},"featured_media":10570,"template":"","meta":[],"product_brand":[],"product_cat":[70],"product_tag":[72,85],"class_list":{"0":"post-10567","1":"product","2":"type-product","3":"status-publish","4":"has-post-thumbnail","6":"product_cat-puidust-3d-pusled","7":"product_tag-3d-pusle-eiffeli-torn","8":"product_tag-valgustusega","10":"first","11":"instock","12":"shipping-taxable","13":"purchasable","14":"product-type-simple"},"_links":{"self":[{"href":"https:\/\/brainiwood.com\/fi\/wp-json\/wp\/v2\/product\/10567","targetHints":{"allow":["GET"]}}],"collection":[{"href":"https:\/\/brainiwood.com\/fi\/wp-json\/wp\/v2\/product"}],"about":[{"href":"https:\/\/brainiwood.com\/fi\/wp-json\/wp\/v2\/types\/product"}],"wp:featuredmedia":[{"embeddable":true,"href":"https:\/\/brainiwood.com\/fi\/wp-json\/wp\/v2\/media\/10570"}],"wp:attachment":[{"href":"https:\/\/brainiwood.com\/fi\/wp-json\/wp\/v2\/media?parent=10567"}],"wp:term":[{"taxonomy":"product_brand","embeddable":true,"href":"https:\/\/brainiwood.com\/fi\/wp-json\/wp\/v2\/product_brand?post=10567"},{"taxonomy":"product_cat","embeddable":true,"href":"https:\/\/brainiwood.com\/fi\/wp-json\/wp\/v2\/product_cat?post=10567"},{"taxonomy":"product_tag","embeddable":true,"href":"https:\/\/brainiwood.com\/fi\/wp-json\/wp\/v2\/product_tag?post=10567"}],"curies":[{"name":"wp","href":"https:\/\/api.w.org\/{rel}","templated":true}]}}