{"id":10571,"date":"2025-07-17T00:26:43","date_gmt":"2025-07-16T21:26:43","guid":{"rendered":"https:\/\/brainiwood.com\/uus\/?post_type=product&#038;p=10571"},"modified":"2026-02-21T11:20:03","modified_gmt":"2026-02-21T09:20:03","slug":"puidust-3d-pusle-tiny-treehouses-rahutempel","status":"publish","type":"product","link":"https:\/\/brainiwood.com\/fi\/toode\/puidust-3d-pusle-tiny-treehouses-rahutempel\/","title":{"rendered":"Puinen 3D-palapeli \u2013 Tiny Treehouses Rauhantemppeli"},"content":{"rendered":"<p>Puuinen 3D-palapeli \u2013 Tiny Treehouses: Rauhan temppeli<\/p>\n<p data-start=\"812\" data-end=\"1108\"><strong data-start=\"812\" data-end=\"870\">Puuinen 3D-palapeli \u2013 Tiny Treehouses: Rauhan temppeli<\/strong> on yksityiskohtainen ja rauhallinen miniatuurinen temppelityylinen malli, jonka avulla voit rakentaa miniatyyrisi\u00e4 puutaloja ja luoda meditatiivisen tunnelman. T\u00e4m\u00e4 DIY puinen palapeli yhdist\u00e4\u00e4 luovan kokoamisen ja elegantin muotoilun.<\/p>\n<p data-start=\"1110\" data-end=\"1291\">Valmis Rauhan temppeli toimii kauniina sisustuselementtin\u00e4 ja tarjoaa mukaansatempaavan rakennuskokemuksen. T\u00e4m\u00e4 3D puinen malli sopii lahjaksi k\u00e4sity\u00f6n ja nukketalojen yst\u00e4ville.<\/p>\n<p>Paloja: 57<br \/>\nMittakaava: 1:100<br \/>\nKoottuna: 85 x 85 x 165 mm plus akryylikeppi<\/p>\n<p>Paristot eiv\u00e4t sis\u00e4lly. Vaadittavat paristot: 2 x CR2032 per puumaja<\/p>","protected":false},"excerpt":{"rendered":"<p data-start=\"1749\" data-end=\"1995\">Toimitusaika: 3\u20137 arkip\u00e4iv\u00e4\u00e4<br \/>\nKaikki tilaukset l\u00e4hetet\u00e4\u00e4n nopeasti ja huolellisesti pakattuna. Useimmat tilaukset saapuvat 3\u20137 arkip\u00e4iv\u00e4n kuluessa.<\/p>\n<p data-start=\"1749\" data-end=\"1995\">Ole rauhallinen, tasapainoinen ja huoleton. Hengit\u00e4.<br data-start=\"1801\" data-end=\"1804\" \/>Tiny Treehouses Rauhantemppeli tuo kotiisi levollisuutta ja harmoniaa. T\u00e4m\u00e4 minimalistinen puinen 3D-palapeli tarjoaa rentouttavan rakennuskokemuksen ja muuttuu kauniiksi sisustuselementiksi.<\/p>\n<p data-start=\"1997\" data-end=\"2121\">DIY-puurakennussarja sis\u00e4lt\u00e4\u00e4 kaiken helppoa kokoamista varten. Pehme\u00e4 LED-valaistus luo l\u00e4mpim\u00e4n ja rauhoittavan tunnelman.<\/p>\n<p data-start=\"2123\" data-end=\"2140\"><strong data-start=\"2123\" data-end=\"2140\">Ominaisuudet:<\/strong><\/p>\n<ul data-start=\"2141\" data-end=\"2407\">\n<li data-start=\"2141\" data-end=\"2174\">\n<p data-start=\"2143\" data-end=\"2174\">T\u00e4ysin puinen DIY 3D-palapeli<\/p>\n<\/li>\n<li data-start=\"2175\" data-end=\"2253\">\n<p data-start=\"2177\" data-end=\"2253\">Sis\u00e4lt\u00e4\u00e4 LED-valot, kosteudenkest\u00e4v\u00e4n akryylipaalun ja kiinnitystarvikkeet<\/p>\n<\/li>\n<li data-start=\"2254\" data-end=\"2327\">\n<p data-start=\"2256\" data-end=\"2327\">Vaihtoehtoinen rakenne: akryylinen kasvipaalutuki tai tasainen alusta<\/p>\n<\/li>\n<li data-start=\"2328\" data-end=\"2376\">\n<p data-start=\"2330\" data-end=\"2376\">Vaikeustaso: <strong data-start=\"2343\" data-end=\"2350\">1\/6<\/strong> (helppo ja rentouttava)<\/p>\n<\/li>\n<li data-start=\"2377\" data-end=\"2407\">\n<p data-start=\"2379\" data-end=\"2407\">Kokoamisaika: <strong data-start=\"2393\" data-end=\"2407\">2\u20133 tuntia<\/strong><\/p>\n<\/li>\n<\/ul>\n<p data-start=\"2409\" data-end=\"2467\">T\u00e4ydellinen lahja tai rauhoittava luova hetki itsellesi \ud83c\udf3f<\/p>\n","protected":false},"featured_media":10576,"template":"","meta":[],"product_brand":[],"product_cat":[74],"product_tag":[85],"class_list":{"0":"post-10571","1":"product","2":"type-product","3":"status-publish","4":"has-post-thumbnail","6":"product_cat-minimajad","7":"product_tag-valgustusega","9":"first","10":"instock","11":"shipping-taxable","12":"purchasable","13":"product-type-simple"},"_links":{"self":[{"href":"https:\/\/brainiwood.com\/fi\/wp-json\/wp\/v2\/product\/10571","targetHints":{"allow":["GET"]}}],"collection":[{"href":"https:\/\/brainiwood.com\/fi\/wp-json\/wp\/v2\/product"}],"about":[{"href":"https:\/\/brainiwood.com\/fi\/wp-json\/wp\/v2\/types\/product"}],"wp:featuredmedia":[{"embeddable":true,"href":"https:\/\/brainiwood.com\/fi\/wp-json\/wp\/v2\/media\/10576"}],"wp:attachment":[{"href":"https:\/\/brainiwood.com\/fi\/wp-json\/wp\/v2\/media?parent=10571"}],"wp:term":[{"taxonomy":"product_brand","embeddable":true,"href":"https:\/\/brainiwood.com\/fi\/wp-json\/wp\/v2\/product_brand?post=10571"},{"taxonomy":"product_cat","embeddable":true,"href":"https:\/\/brainiwood.com\/fi\/wp-json\/wp\/v2\/product_cat?post=10571"},{"taxonomy":"product_tag","embeddable":true,"href":"https:\/\/brainiwood.com\/fi\/wp-json\/wp\/v2\/product_tag?post=10571"}],"curies":[{"name":"wp","href":"https:\/\/api.w.org\/{rel}","templated":true}]}}