{"id":10577,"date":"2025-07-17T00:31:45","date_gmt":"2025-07-16T21:31:45","guid":{"rendered":"https:\/\/brainiwood.com\/uus\/?post_type=product&#038;p=10577"},"modified":"2026-02-21T11:15:09","modified_gmt":"2026-02-21T09:15:09","slug":"puidust-3d-pusle-suur-eiffeli-torn-brainiwood","status":"publish","type":"product","link":"https:\/\/brainiwood.com\/fi\/toode\/puidust-3d-pusle-suur-eiffeli-torn-brainiwood\/","title":{"rendered":"3D-puupalapeli \u2013 Suuri Eiffel-torni"},"content":{"rendered":"<p>Puuinen 3D-palapeli \u2013 Suuri Eiffel-torni<\/p>\n<p data-start=\"753\" data-end=\"1004\"><strong data-start=\"753\" data-end=\"797\">Puuinen 3D-palapeli \u2013 Suuri Eiffel-torni<\/strong> on yksityiskohtainen ja mekaaninen DIY-malli, jonka avulla voit rakentaa miniatyyrisen Eiffel-tornin tarkkoine puuosineen. T\u00e4m\u00e4 palapeli yhdist\u00e4\u00e4 luovan kokoamisen ja elegantin arkkitehtuurisen muotoilun.<\/p>\n<p data-start=\"1006\" data-end=\"1180\">Valmis Eiffel-torni tarjoaa mukaansatempaavan rakennuskokemuksen ja kauniin lopputuloksen. T\u00e4m\u00e4 3D puinen malli on t\u00e4ydellinen lahja arkkitehtuurin ja palapelien yst\u00e4ville.<\/p>\n<p>Eritt\u00e4in tarkka laserleikkaus<br \/>\nKokoonpano ei vaadi liimaa<br \/>\nOsien lukum\u00e4\u00e4r\u00e4: 191<br \/>\nVaikeustaso \u2605\u2605<\/p>\n<p>Tuotetiedot:<\/p>\n<p>Materiaali: Ymp\u00e4rist\u00f6yst\u00e4v\u00e4llinen koivuvaneri<br \/>\nMitat: P 42,6 x L 44,6 x K 99,6 cm<br \/>\nV\u00e4ri: Luonnonpuu<br \/>\nPakkaus: Lahjapakkaus<\/p>","protected":false},"excerpt":{"rendered":"<p data-start=\"1304\" data-end=\"1483\">Toimitusaika: 3\u20137 arkip\u00e4iv\u00e4\u00e4<br \/>\nKaikki tilaukset l\u00e4hetet\u00e4\u00e4n nopeasti ja huolellisesti pakattuna. Useimmat tilaukset saapuvat 3\u20137 arkip\u00e4iv\u00e4n kuluessa.<\/p>\n<p data-start=\"1304\" data-end=\"1483\">Jokainen kaupassamme myyt\u00e4v\u00e4 palapeli on oma taideteoksensa, joka luo kotiin erityisen tunnelman. T\u00e4m\u00e4 <strong data-start=\"1407\" data-end=\"1429\">1 metrin korkuinen<\/strong> malli on vaikuttava ja kiinnitt\u00e4\u00e4 varmasti huomion.<\/p>\n<p data-start=\"1485\" data-end=\"1564\">K\u00e4ytt\u00f6ohje on niin yksityiskohtainen, ett\u00e4 my\u00f6s aloittelija voi koota mallin:<\/p>\n<ul data-start=\"1565\" data-end=\"1732\">\n<li data-start=\"1565\" data-end=\"1586\">\n<p data-start=\"1567\" data-end=\"1586\">Osat on numeroitu<\/p>\n<\/li>\n<li data-start=\"1587\" data-end=\"1628\">\n<p data-start=\"1589\" data-end=\"1628\">Kuvat n\u00e4ytt\u00e4v\u00e4t, mik\u00e4 osa menee minne<\/p>\n<\/li>\n<li data-start=\"1629\" data-end=\"1669\">\n<p data-start=\"1631\" data-end=\"1669\">Vaiheet ovat selkeit\u00e4 ja ytimekk\u00e4it\u00e4<\/p>\n<\/li>\n<li data-start=\"1670\" data-end=\"1732\">\n<p data-start=\"1672\" data-end=\"1732\">T\u00e4rkeiss\u00e4 vaiheissa on vinkkej\u00e4, mihin kiinnitt\u00e4\u00e4 huomiota<\/p>\n<\/li>\n<\/ul>\n<p data-start=\"1734\" data-end=\"1827\">T\u00e4ydellinen lahja arkkitehtuurin ja Pariisin yst\u00e4ville tai kaunis sisustuselementti kotiin.<\/p>\n","protected":false},"featured_media":10582,"template":"","meta":[],"product_brand":[],"product_cat":[70],"product_tag":[71,72,82,73],"class_list":{"0":"post-10577","1":"product","2":"type-product","3":"status-publish","4":"has-post-thumbnail","6":"product_cat-puidust-3d-pusled","7":"product_tag-71","8":"product_tag-3d-pusle-eiffeli-torn","9":"product_tag-alustajad","10":"product_tag-eiffeli-torn","12":"first","13":"instock","14":"shipping-taxable","15":"purchasable","16":"product-type-simple"},"_links":{"self":[{"href":"https:\/\/brainiwood.com\/fi\/wp-json\/wp\/v2\/product\/10577","targetHints":{"allow":["GET"]}}],"collection":[{"href":"https:\/\/brainiwood.com\/fi\/wp-json\/wp\/v2\/product"}],"about":[{"href":"https:\/\/brainiwood.com\/fi\/wp-json\/wp\/v2\/types\/product"}],"wp:featuredmedia":[{"embeddable":true,"href":"https:\/\/brainiwood.com\/fi\/wp-json\/wp\/v2\/media\/10582"}],"wp:attachment":[{"href":"https:\/\/brainiwood.com\/fi\/wp-json\/wp\/v2\/media?parent=10577"}],"wp:term":[{"taxonomy":"product_brand","embeddable":true,"href":"https:\/\/brainiwood.com\/fi\/wp-json\/wp\/v2\/product_brand?post=10577"},{"taxonomy":"product_cat","embeddable":true,"href":"https:\/\/brainiwood.com\/fi\/wp-json\/wp\/v2\/product_cat?post=10577"},{"taxonomy":"product_tag","embeddable":true,"href":"https:\/\/brainiwood.com\/fi\/wp-json\/wp\/v2\/product_tag?post=10577"}],"curies":[{"name":"wp","href":"https:\/\/api.w.org\/{rel}","templated":true}]}}