{"id":10594,"date":"2025-07-17T00:45:30","date_gmt":"2025-07-16T21:45:30","guid":{"rendered":"https:\/\/brainiwood.com\/uus\/?post_type=product&#038;p=10594"},"modified":"2026-02-21T11:09:06","modified_gmt":"2026-02-21T09:09:06","slug":"puidust-3d-pusle-laev-merihobu-brainiwood-3d","status":"publish","type":"product","link":"https:\/\/brainiwood.com\/fi\/toode\/puidust-3d-pusle-laev-merihobu-brainiwood-3d\/","title":{"rendered":"3D-puupalapeli \u2013 Seahorse-laiva (603 osaa)"},"content":{"rendered":"<p>3D puinen palapeli \u2013 Merihevosen laiva (603 osaa)<\/p>\n<p data-start=\"768\" data-end=\"1011\"><strong data-start=\"768\" data-end=\"821\">3D puinen palapeli \u2013 Merihevosen laiva (603 osaa)<\/strong> on yksityiskohtainen ja mekaaninen DIY-malli, jonka avulla voit rakentaa uniikin miniatyyrisen merihevosen laivan. T\u00e4m\u00e4 palapeli yhdist\u00e4\u00e4 luovan kokoamisen ja tyylikk\u00e4\u00e4n puisen muotoilun.<\/p>\n<p data-start=\"1013\" data-end=\"1215\">Valmis merihevosen laiva tarjoaa mukaansatempaavan rakennuskokemuksen ja kauniin lopputuloksen. T\u00e4m\u00e4 3D puinen malli on t\u00e4ydellinen lahja palapeleist\u00e4 ja meriaiheisista miniatyyreist\u00e4 kiinnostuneille.<\/p>\n<p>Puumalli<br \/>\nMateriaali: Ymp\u00e4rist\u00f6yst\u00e4v\u00e4llinen koivuvaneri<br \/>\nMitat: P 15,3 x L 34,1 x K 18,6 cm<br \/>\nOsien m\u00e4\u00e4r\u00e4: 603 kappaletta<br \/>\nVaikeustaso: \u2605\u2605\u2605\u2605\u2605\u2605<\/p>","protected":false},"excerpt":{"rendered":"<p data-start=\"1418\" data-end=\"1671\">Toimitusaika: 3\u20137 arkip\u00e4iv\u00e4\u00e4<br \/>\nKaikki tilaukset l\u00e4hetet\u00e4\u00e4n nopeasti ja huolellisesti pakattuna. Useimmat tilaukset saapuvat 3\u20137 arkip\u00e4iv\u00e4n kuluessa.<\/p>\n<p data-start=\"1418\" data-end=\"1671\">Tutustu mystiikkaan ja majesteettisuuteen ebopurjeissa, goottilaisessa per\u00e4kartanossa ja kultaisessa merihevosen keulakuvassa. T\u00e4m\u00e4 ei ole tavallinen laiva \u2013 loistava tykkikansi tekee siit\u00e4 16.\u201318. vuosisadan sota-aluksen, joka palveli kuninkaallisia.<\/p>\n<p data-start=\"1673\" data-end=\"1987\">Haasta taitosi ja k\u00e4rsiv\u00e4llisyytesi ja palkintona saat 470 mm x 180 mm x 390 mm mestariteoksen, jota voi esitell\u00e4 ja pelata ylpeydell\u00e4. Sis\u00e4lt\u00e4\u00e4 py\u00f6riv\u00e4n per\u00e4simen, 8 neli\u00f6purjetta, 5 keulapurjetta ja per\u00e4purjetta sek\u00e4 monimutkaiset kannen yksityiskohdat. Lumoava merellinen eleganssi j\u00e4tt\u00e4\u00e4 pysyv\u00e4n vaikutuksen.<\/p>\n","protected":false},"featured_media":10599,"template":"","meta":[],"product_brand":[],"product_cat":[70],"product_tag":[],"class_list":{"0":"post-10594","1":"product","2":"type-product","3":"status-publish","4":"has-post-thumbnail","6":"product_cat-puidust-3d-pusled","8":"first","9":"instock","10":"shipping-taxable","11":"purchasable","12":"product-type-simple"},"_links":{"self":[{"href":"https:\/\/brainiwood.com\/fi\/wp-json\/wp\/v2\/product\/10594","targetHints":{"allow":["GET"]}}],"collection":[{"href":"https:\/\/brainiwood.com\/fi\/wp-json\/wp\/v2\/product"}],"about":[{"href":"https:\/\/brainiwood.com\/fi\/wp-json\/wp\/v2\/types\/product"}],"wp:featuredmedia":[{"embeddable":true,"href":"https:\/\/brainiwood.com\/fi\/wp-json\/wp\/v2\/media\/10599"}],"wp:attachment":[{"href":"https:\/\/brainiwood.com\/fi\/wp-json\/wp\/v2\/media?parent=10594"}],"wp:term":[{"taxonomy":"product_brand","embeddable":true,"href":"https:\/\/brainiwood.com\/fi\/wp-json\/wp\/v2\/product_brand?post=10594"},{"taxonomy":"product_cat","embeddable":true,"href":"https:\/\/brainiwood.com\/fi\/wp-json\/wp\/v2\/product_cat?post=10594"},{"taxonomy":"product_tag","embeddable":true,"href":"https:\/\/brainiwood.com\/fi\/wp-json\/wp\/v2\/product_tag?post=10594"}],"curies":[{"name":"wp","href":"https:\/\/api.w.org\/{rel}","templated":true}]}}