{"id":10619,"date":"2025-07-17T05:30:50","date_gmt":"2025-07-17T02:30:50","guid":{"rendered":"https:\/\/brainiwood.com\/uus\/?post_type=product&#038;p=10619"},"modified":"2026-02-21T10:53:08","modified_gmt":"2026-02-21T08:53:08","slug":"vitascope-filmiprojektor-3d-puidust-pusle","status":"publish","type":"product","link":"https:\/\/brainiwood.com\/fi\/toode\/vitascope-filmiprojektor-3d-puidust-pusle\/","title":{"rendered":"Vitascope-elokuvaprojektori \u2013 3D puupulma (LK601)"},"content":{"rendered":"<p>Vitascope elokuvaprojektori 3D puinen palapeli (LK601) \u2013 mekaaninen DIY malli<\/p>\n<p data-start=\"913\" data-end=\"1164\"><strong data-start=\"913\" data-end=\"971\">Vitascope elokuvaprojektori 3D puinen palapeli (LK601)<\/strong> on yksityiskohtainen mekaaninen DIY-malli, jonka avulla voit rakentaa miniatyyrisen elokuvaprojektorin liikkuvine osineen. T\u00e4m\u00e4 puinen rakennussarja yhdist\u00e4\u00e4 tarkkuutta ja klassista muotoilua.<\/p>\n<p data-start=\"1166\" data-end=\"1336\">Valmis projektori tarjoaa mukaansatempaavan rakennuskokemuksen ja toimii kauniina sisustuselementtin\u00e4. T\u00e4m\u00e4 3D puumalli sopii lahjaksi elokuva- ja tekniikkaharrastajille.<\/p>\n<p>Eritt\u00e4in tarkka laserleikkaus<br data-start=\"29\" data-end=\"32\" \/>Kokoamiseen ei tarvita liimaa<br data-start=\"61\" data-end=\"64\" \/>Osien m\u00e4\u00e4r\u00e4: 183<br data-start=\"99\" data-end=\"102\" \/>Vaikeustaso: \u2605\u2605\u2605\u2605 \u2729<br data-start=\"121\" data-end=\"124\" \/>Materiaali: Ymp\u00e4rist\u00f6yst\u00e4v\u00e4llinen koivuvaneri<br data-start=\"169\" data-end=\"172\" \/>Mitat: P 25,5 x L 13,3 x K 23,3 cm<br data-start=\"206\" data-end=\"209\" \/>V\u00e4ri: Luonnollinen puu<\/p>","protected":false},"excerpt":{"rendered":"<p data-start=\"1676\" data-end=\"1876\">Toimitusaika: 3\u20137 arkip\u00e4iv\u00e4\u00e4<br \/>\nKaikki tilaukset l\u00e4hetet\u00e4\u00e4n nopeasti ja huolellisesti pakattuna. Useimmat tilaukset saapuvat 3\u20137 arkip\u00e4iv\u00e4n kuluessa.<\/p>\n<p data-start=\"1676\" data-end=\"1876\">Robotime-ROKR DIY vintage-elokuvaprojektori Vitascope LK601 on kunnianosoitus klassisen elokuvan aikakaudelle. T\u00e4m\u00e4 korkealaatuinen 3D-puupulma ei ole pelkk\u00e4 koriste \u2013 se <strong data-start=\"1847\" data-end=\"1875\">toistaa oikeita elokuvia<\/strong>.<\/p>\n<p data-start=\"1878\" data-end=\"2094\">Klassinen k\u00e4sikammella toimiva generaattori her\u00e4tt\u00e4\u00e4 projektorin eloon. Kokoa mekanismi pala palalta, aseta mustavalkoinen filmikela paikalleen ja nauti aidosta elokuvakokemuksesta yhdess\u00e4 perheen ja yst\u00e4vien kanssa.<\/p>\n<p data-start=\"2096\" data-end=\"2126\">\u2728 <strong data-start=\"2098\" data-end=\"2124\">Miksi se on erityinen:<\/strong><\/p>\n<ul data-start=\"2127\" data-end=\"2340\">\n<li data-start=\"2127\" data-end=\"2183\">\n<p data-start=\"2129\" data-end=\"2183\">Toimiva elokuvaprojektori oikeiden filmien katseluun<\/p>\n<\/li>\n<li data-start=\"2184\" data-end=\"2239\">\n<p data-start=\"2186\" data-end=\"2239\">Klassinen vintage-muotoilu ja k\u00e4sikampigeneraattori<\/p>\n<\/li>\n<li data-start=\"2240\" data-end=\"2284\">\n<p data-start=\"2242\" data-end=\"2284\">Yhdist\u00e4\u00e4 luovan rakentamisen ja viihteen<\/p>\n<\/li>\n<li data-start=\"2285\" data-end=\"2340\">\n<p data-start=\"2287\" data-end=\"2340\">T\u00e4ydellinen lahja elokuvien ja k\u00e4sit\u00f6iden yst\u00e4ville<\/p>\n<\/li>\n<\/ul>\n","protected":false},"featured_media":10624,"template":"","meta":[],"product_brand":[],"product_cat":[70],"product_tag":[],"class_list":{"0":"post-10619","1":"product","2":"type-product","3":"status-publish","4":"has-post-thumbnail","6":"product_cat-puidust-3d-pusled","8":"first","9":"instock","10":"shipping-taxable","11":"purchasable","12":"product-type-simple"},"_links":{"self":[{"href":"https:\/\/brainiwood.com\/fi\/wp-json\/wp\/v2\/product\/10619","targetHints":{"allow":["GET"]}}],"collection":[{"href":"https:\/\/brainiwood.com\/fi\/wp-json\/wp\/v2\/product"}],"about":[{"href":"https:\/\/brainiwood.com\/fi\/wp-json\/wp\/v2\/types\/product"}],"wp:featuredmedia":[{"embeddable":true,"href":"https:\/\/brainiwood.com\/fi\/wp-json\/wp\/v2\/media\/10624"}],"wp:attachment":[{"href":"https:\/\/brainiwood.com\/fi\/wp-json\/wp\/v2\/media?parent=10619"}],"wp:term":[{"taxonomy":"product_brand","embeddable":true,"href":"https:\/\/brainiwood.com\/fi\/wp-json\/wp\/v2\/product_brand?post=10619"},{"taxonomy":"product_cat","embeddable":true,"href":"https:\/\/brainiwood.com\/fi\/wp-json\/wp\/v2\/product_cat?post=10619"},{"taxonomy":"product_tag","embeddable":true,"href":"https:\/\/brainiwood.com\/fi\/wp-json\/wp\/v2\/product_tag?post=10619"}],"curies":[{"name":"wp","href":"https:\/\/api.w.org\/{rel}","templated":true}]}}