{"id":10859,"date":"2025-08-20T20:51:32","date_gmt":"2025-08-20T17:51:32","guid":{"rendered":"https:\/\/brainiwood.com\/?post_type=product&#038;p=10859"},"modified":"2026-02-21T10:42:26","modified_gmt":"2026-02-21T08:42:26","slug":"pisikesed-puumajad-woodland-outpost-diy-3d","status":"publish","type":"product","link":"https:\/\/brainiwood.com\/fi\/toode\/pisikesed-puumajad-woodland-outpost-diy-3d\/","title":{"rendered":"DIY 3D-puupalapeli \u2013 Tiny Treehouses Woodland Outpost"},"content":{"rendered":"<p>DIY puinen 3D-palapeli \u2013 Pienet puutalot: Mets\u00e4postiasema<\/p>\n<p data-start=\"816\" data-end=\"1084\"><strong data-start=\"816\" data-end=\"877\">DIY puinen 3D-palapeli \u2013 Pienet puutalot: Mets\u00e4postiasema<\/strong> on yksityiskohtainen ja tunnelmallinen miniatyyrimalli, jonka avulla voit rakentaa realistisen mets\u00e4n postiaseman pienoiskoossa. T\u00e4m\u00e4 puinen rakennussarja yhdist\u00e4\u00e4 luovan kokoamisen ja tyylikk\u00e4\u00e4n muotoilun.<\/p>\n<p data-start=\"1086\" data-end=\"1256\">Valmis miniatyyrinen postiasema tarjoaa mukaansatempaavan rakennuskokemuksen ja kauniin lopputuloksen. T\u00e4m\u00e4 3D puumalli sopii lahjaksi k\u00e4sity\u00f6n ja nukketalojen yst\u00e4ville.<\/p>\n<p>Osat: 121<br \/>\nMittakaava: 1:100<br \/>\nKokoonpano: mm115 x 105 x 145H, plus akryylipaalu<br \/>\nParistot eiv\u00e4t sis\u00e4lly toimitukseen. Tarvittavat paristot: 2x CR2032 per puumaja<\/p>\n<p>Mitat<br \/>\n115 x 105 x 145 mm P x L x K<\/p>","protected":false},"excerpt":{"rendered":"<p data-start=\"1422\" data-end=\"1622\">Alkuper\u00e4inen Tiny Treehouse! Kerroksellinen katto, talon ymp\u00e4ri kulkeva parveke ja yksityiskohtainen kalustus tekev\u00e4t Woodland Outpostista rauhallisen rakennusprojektin ja kauniin sisustuselementin.<\/p>\n<p data-start=\"1624\" data-end=\"1745\">DIY puinen rakennussarja sis\u00e4lt\u00e4\u00e4 selke\u00e4t ohjeet, LED-valaistuksen, kosteudenkest\u00e4v\u00e4n akryylituen sek\u00e4 asennusty\u00f6kalut.<\/p>\n<p data-start=\"1747\" data-end=\"1765\"><strong data-start=\"1747\" data-end=\"1763\">Tuotetiedot:<\/strong><\/p>\n<ul data-start=\"1766\" data-end=\"1960\">\n<li data-start=\"1766\" data-end=\"1811\">\n<p data-start=\"1768\" data-end=\"1811\">Valinnainen rakenne: akryylinen kasvituki<\/p>\n<\/li>\n<li data-start=\"1812\" data-end=\"1866\">\n<p data-start=\"1814\" data-end=\"1866\">Vaikeustaso: 3\/6 (hauska, muutama haastavampi osa)<\/p>\n<\/li>\n<li data-start=\"1867\" data-end=\"1895\">\n<p data-start=\"1869\" data-end=\"1895\">Rakennusaika: 1\u20132 tuntia<\/p>\n<\/li>\n<li data-start=\"1896\" data-end=\"1960\">\n<p data-start=\"1898\" data-end=\"1960\">Sopii aloittelijoille ja rauhallista askartelua arvostaville<\/p>\n<\/li>\n<\/ul>\n","protected":false},"featured_media":10852,"template":"","meta":[],"product_brand":[],"product_cat":[74],"product_tag":[85],"class_list":{"0":"post-10859","1":"product","2":"type-product","3":"status-publish","4":"has-post-thumbnail","6":"product_cat-minimajad","7":"product_tag-valgustusega","9":"first","10":"instock","11":"shipping-taxable","12":"purchasable","13":"product-type-simple"},"_links":{"self":[{"href":"https:\/\/brainiwood.com\/fi\/wp-json\/wp\/v2\/product\/10859","targetHints":{"allow":["GET"]}}],"collection":[{"href":"https:\/\/brainiwood.com\/fi\/wp-json\/wp\/v2\/product"}],"about":[{"href":"https:\/\/brainiwood.com\/fi\/wp-json\/wp\/v2\/types\/product"}],"wp:featuredmedia":[{"embeddable":true,"href":"https:\/\/brainiwood.com\/fi\/wp-json\/wp\/v2\/media\/10852"}],"wp:attachment":[{"href":"https:\/\/brainiwood.com\/fi\/wp-json\/wp\/v2\/media?parent=10859"}],"wp:term":[{"taxonomy":"product_brand","embeddable":true,"href":"https:\/\/brainiwood.com\/fi\/wp-json\/wp\/v2\/product_brand?post=10859"},{"taxonomy":"product_cat","embeddable":true,"href":"https:\/\/brainiwood.com\/fi\/wp-json\/wp\/v2\/product_cat?post=10859"},{"taxonomy":"product_tag","embeddable":true,"href":"https:\/\/brainiwood.com\/fi\/wp-json\/wp\/v2\/product_tag?post=10859"}],"curies":[{"name":"wp","href":"https:\/\/api.w.org\/{rel}","templated":true}]}}