{"id":10861,"date":"2025-08-21T05:16:20","date_gmt":"2025-08-21T02:16:20","guid":{"rendered":"https:\/\/brainiwood.com\/?post_type=product&#038;p=10861"},"modified":"2026-02-21T10:32:51","modified_gmt":"2026-02-21T08:32:51","slug":"pisikesed-puumajad-roomutempel-diy-puidust-3d","status":"publish","type":"product","link":"https:\/\/brainiwood.com\/fi\/toode\/pisikesed-puumajad-roomutempel-diy-puidust-3d\/","title":{"rendered":"Pienet puumajat \u2013 Ilon temppeli, DIY puinen 3D-palapeli"},"content":{"rendered":"<p>Pienet puutalot \u2013 Ilo-temppeli, DIY puinen 3D-palapeli<\/p>\n<p data-start=\"815\" data-end=\"1076\"><strong data-start=\"815\" data-end=\"873\">Pienet puutalot \u2013 Ilo-temppeli, DIY puinen 3D-palapeli<\/strong> on yksityiskohtainen ja valoisa miniatyyrinen temppelimalli, jonka avulla voit rakentaa iloisen tunnelman puutaloyhdistelm\u00e4n. T\u00e4m\u00e4 DIY puinen palapeli yhdist\u00e4\u00e4 luovan kokoamisen ja tyylikk\u00e4\u00e4n muotoilun.<\/p>\n<p data-start=\"1078\" data-end=\"1250\">Valmis Ilo-temppeli toimii kauniina sisustuselementtin\u00e4 ja tarjoaa mukaansatempaavan rakennuskokemuksen. T\u00e4m\u00e4 3D puumalli sopii lahjaksi k\u00e4sity\u00f6n ja nukketalojen yst\u00e4ville.<\/p>\n<p>-sis\u00e4lt\u00e4\u00e4 120 kpl<\/p>\n<p>114 x 105 x 145 mm plus akryylipaalu<br \/>\nRakennusaika: 2-3 tuntia<br \/>\nMukana LED-valot<br \/>\nValinnainen: tasainen pohja, akryylipaalu<br \/>\nVaikeustaso: 5\/6<\/p>\n<p>Tarvittavat paristot: 2x CR2032 per puumaja. (Paristot eiv\u00e4t sis\u00e4lly toimitukseen)<\/p>\n<p>Mitat<br \/>\n115 x 80 x 210 mm P x L x K<\/p>","protected":false},"excerpt":{"rendered":"<p data-start=\"1586\" data-end=\"1804\">Toimitusaika: 3\u20137 arkip\u00e4iv\u00e4\u00e4<br \/>\nKaikki tilaukset l\u00e4hetet\u00e4\u00e4n nopeasti ja huolellisesti pakattuna. Useimmat tilaukset saapuvat 3\u20137 arkip\u00e4iv\u00e4n kuluessa.<\/p>\n<p data-start=\"1586\" data-end=\"1804\">Yhdisty luontoon t\u00e4ss\u00e4 monikerroksisessa viidakon puumajassa, jossa avoin asuminen, panoraaman\u00e4kym\u00e4t ja trooppinen rauha kohtaavat. Pienet puumajat ja yksityiskohtainen rakenne luovat aidon luonnonl\u00e4heisen tunnelman.<\/p>\n<p data-start=\"1806\" data-end=\"1934\">DIY-rakennussarja sis\u00e4lt\u00e4\u00e4 selke\u00e4t ja helpot ohjeet. Mukana LED-valaistus, kosteudenkest\u00e4v\u00e4 akryylitanko sek\u00e4 asennusty\u00f6kalut.<\/p>\n<p data-start=\"1936\" data-end=\"1954\"><strong data-start=\"1936\" data-end=\"1952\">Tuotetiedot:<\/strong><\/p>\n<ul data-start=\"1955\" data-end=\"2162\">\n<li data-start=\"1955\" data-end=\"2015\">\n<p data-start=\"1957\" data-end=\"2015\">Valinnainen rakenne: akryylikasvihartsi, tasainen alusta<\/p>\n<\/li>\n<li data-start=\"2016\" data-end=\"2078\">\n<p data-start=\"2018\" data-end=\"2078\">Vaikeustaso: 4\/6 (hauska, hieman haastavia yksityiskohtia)<\/p>\n<\/li>\n<li data-start=\"2079\" data-end=\"2107\">\n<p data-start=\"2081\" data-end=\"2107\">Rakennusaika: 2\u20133 tuntia<\/p>\n<\/li>\n<li data-start=\"2108\" data-end=\"2162\">\n<p data-start=\"2110\" data-end=\"2162\">Sopii luovaan rakentamiseen ja sisustuselementiksi<\/p>\n<\/li>\n<\/ul>\n","protected":false},"featured_media":10864,"template":"","meta":[],"product_brand":[],"product_cat":[74],"product_tag":[85],"class_list":{"0":"post-10861","1":"product","2":"type-product","3":"status-publish","4":"has-post-thumbnail","6":"product_cat-minimajad","7":"product_tag-valgustusega","9":"first","10":"instock","11":"shipping-taxable","12":"purchasable","13":"product-type-simple"},"_links":{"self":[{"href":"https:\/\/brainiwood.com\/fi\/wp-json\/wp\/v2\/product\/10861","targetHints":{"allow":["GET"]}}],"collection":[{"href":"https:\/\/brainiwood.com\/fi\/wp-json\/wp\/v2\/product"}],"about":[{"href":"https:\/\/brainiwood.com\/fi\/wp-json\/wp\/v2\/types\/product"}],"wp:featuredmedia":[{"embeddable":true,"href":"https:\/\/brainiwood.com\/fi\/wp-json\/wp\/v2\/media\/10864"}],"wp:attachment":[{"href":"https:\/\/brainiwood.com\/fi\/wp-json\/wp\/v2\/media?parent=10861"}],"wp:term":[{"taxonomy":"product_brand","embeddable":true,"href":"https:\/\/brainiwood.com\/fi\/wp-json\/wp\/v2\/product_brand?post=10861"},{"taxonomy":"product_cat","embeddable":true,"href":"https:\/\/brainiwood.com\/fi\/wp-json\/wp\/v2\/product_cat?post=10861"},{"taxonomy":"product_tag","embeddable":true,"href":"https:\/\/brainiwood.com\/fi\/wp-json\/wp\/v2\/product_tag?post=10861"}],"curies":[{"name":"wp","href":"https:\/\/api.w.org\/{rel}","templated":true}]}}