{"id":10872,"date":"2025-08-21T05:40:02","date_gmt":"2025-08-21T02:40:02","guid":{"rendered":"https:\/\/brainiwood.com\/?post_type=product&#038;p=10872"},"modified":"2026-02-21T10:15:14","modified_gmt":"2026-02-21T08:15:14","slug":"prime-steam-express-3d-puidust-brainiwood","status":"publish","type":"product","link":"https:\/\/brainiwood.com\/fi\/toode\/prime-steam-express-3d-puidust-brainiwood\/","title":{"rendered":"Prime Steam Express \u2013 3D puinen h\u00f6yryjunapulma"},"content":{"rendered":"<p><\/p>\n<ul>\n<li>Prime Steam Express 3D puinen h\u00f6yryjunapalapeli \u2013 mekaaninen DIY malli<\/li>\n<li>\n<p data-start=\"813\" data-end=\"1072\"><strong data-start=\"813\" data-end=\"864\">Prime Steam Express 3D puinen h\u00f6yryjunapalapeli<\/strong> on yksityiskohtainen ja klassista muotoilua edustava DIY-malli, jonka avulla voit rakentaa realistisen h\u00f6yryjunan pienoiskoossa. T\u00e4m\u00e4 puinen rakennussarja yhdist\u00e4\u00e4 tarkan rakenteen ja ajattoman junadesignin.<\/p>\n<p data-start=\"1074\" data-end=\"1254\">Valmis h\u00f6yryjuna tarjoaa mukaansatempaavan rakennuskokemuksen ja mekaanisia liikkuvia osia. T\u00e4m\u00e4 3D puumalli sopii harrastajille ja lahjaksi junista ja tekniikasta kiinnostuneille.<\/p>\n<\/li>\n<li>Kappaleet: 308<\/li>\n<li>Kokoamisaika: 4H<\/li>\n<li>Vaikea taso: \u2b50\u2b50\u2b50\u2b50<\/li>\n<li>Koottu koko: K: 12,1 tuumaa (30,7 cm) * L: 2,6 tuumaa (6,7 cm) * S: 3,2 tuumaa (8,2 cm)<\/li>\n<\/ul>\n<p><\/p>","protected":false},"excerpt":{"rendered":"<p data-start=\"1546\" data-end=\"1762\">Toimitusaika: 3\u20137 arkip\u00e4iv\u00e4\u00e4<br \/>\nKaikki tilaukset l\u00e4hetet\u00e4\u00e4n nopeasti ja huolellisesti pakattuna. Useimmat tilaukset saapuvat 3\u20137 arkip\u00e4iv\u00e4n kuluessa.<\/p>\n<p data-start=\"1546\" data-end=\"1762\">Prime Steam Express on 1860-luvun klassisista h\u00f6yryjunista inspiroitu 3D-puupulma. Runsaat ja realistiset yksityiskohdat tekev\u00e4t t\u00e4st\u00e4 mallista sek\u00e4 nautinnollisen rakennusprojektin ett\u00e4 tyylikk\u00e4\u00e4n sisustuselementin.<\/p>\n<p data-start=\"1764\" data-end=\"1888\">Pulma tarjoaa rauhallisen ja mukaansatempaavan kokoamiskokemuksen ja sopii erinomaisesti junaharrastajille ja ker\u00e4ilij\u00f6ille.<\/p>\n<p data-start=\"1890\" data-end=\"1920\">\u2728 <strong data-start=\"1892\" data-end=\"1918\">Miksi se on erityinen:<\/strong><\/p>\n<ul data-start=\"1921\" data-end=\"2086\">\n<li data-start=\"1921\" data-end=\"1962\">\n<p data-start=\"1923\" data-end=\"1962\">Inspiroitu 1800-luvun h\u00f6yryvetureista<\/p>\n<\/li>\n<li data-start=\"1963\" data-end=\"2008\">\n<p data-start=\"1965\" data-end=\"2008\">Yksityiskohtainen ja realistinen muotoilu<\/p>\n<\/li>\n<li data-start=\"2009\" data-end=\"2034\">\n<p data-start=\"2011\" data-end=\"2034\">Kaunis 3D-n\u00e4ytt\u00f6esine<\/p>\n<\/li>\n<li data-start=\"2035\" data-end=\"2086\">\n<p data-start=\"2037\" data-end=\"2086\">T\u00e4ydellinen lahja historian ja junien yst\u00e4ville<\/p>\n<\/li>\n<\/ul>\n","protected":false},"featured_media":10873,"template":"","meta":[],"product_brand":[],"product_cat":[70],"product_tag":[],"class_list":{"0":"post-10872","1":"product","2":"type-product","3":"status-publish","4":"has-post-thumbnail","6":"product_cat-puidust-3d-pusled","8":"first","9":"instock","10":"shipping-taxable","11":"purchasable","12":"product-type-simple"},"_links":{"self":[{"href":"https:\/\/brainiwood.com\/fi\/wp-json\/wp\/v2\/product\/10872","targetHints":{"allow":["GET"]}}],"collection":[{"href":"https:\/\/brainiwood.com\/fi\/wp-json\/wp\/v2\/product"}],"about":[{"href":"https:\/\/brainiwood.com\/fi\/wp-json\/wp\/v2\/types\/product"}],"wp:featuredmedia":[{"embeddable":true,"href":"https:\/\/brainiwood.com\/fi\/wp-json\/wp\/v2\/media\/10873"}],"wp:attachment":[{"href":"https:\/\/brainiwood.com\/fi\/wp-json\/wp\/v2\/media?parent=10872"}],"wp:term":[{"taxonomy":"product_brand","embeddable":true,"href":"https:\/\/brainiwood.com\/fi\/wp-json\/wp\/v2\/product_brand?post=10872"},{"taxonomy":"product_cat","embeddable":true,"href":"https:\/\/brainiwood.com\/fi\/wp-json\/wp\/v2\/product_cat?post=10872"},{"taxonomy":"product_tag","embeddable":true,"href":"https:\/\/brainiwood.com\/fi\/wp-json\/wp\/v2\/product_tag?post=10872"}],"curies":[{"name":"wp","href":"https:\/\/api.w.org\/{rel}","templated":true}]}}