{"id":10883,"date":"2025-08-21T05:57:06","date_gmt":"2025-08-21T02:57:06","guid":{"rendered":"https:\/\/brainiwood.com\/?post_type=product&#038;p=10883"},"modified":"2026-03-21T16:39:51","modified_gmt":"2026-03-21T14:39:51","slug":"raske-veok-3d-puidust-pusle-brainiwood-3d","status":"publish","type":"product","link":"https:\/\/brainiwood.com\/fi\/toode\/raske-veok-3d-puidust-pusle-brainiwood-3d\/","title":{"rendered":"Raskas kuorma-auto \u2013 3D puupulma"},"content":{"rendered":"<p><\/p>\n<ul>\n<li>Raskas kuorma-auto 3D puinen palapeli \u2013 yksityiskohtainen mekaaninen malli<\/li>\n<li>\n<p data-start=\"826\" data-end=\"1053\"><strong data-start=\"826\" data-end=\"867\">Raskas kuorma-auto 3D puinen palapeli<\/strong> on tarkasti suunniteltu DIY-malli, jonka avulla voit rakentaa realistisen raskaan kuorma-auton pienoiskoossa. T\u00e4m\u00e4 puinen rakennussarja yhdist\u00e4\u00e4 tarkan rakenteen ja teollisen muotoilun.<\/p>\n<p data-start=\"1055\" data-end=\"1230\">Valmis kuorma-auto tarjoaa mukaansatempaavan rakennuskokemuksen ja mekaanisia toimintoja. T\u00e4m\u00e4 3D puumalli sopii harrastajille ja lahjaksi laadukkaita palapelej\u00e4 arvostaville.<\/p>\n<\/li>\n<li>Kappaleet: 286<\/li>\n<li>Kokoamisaika: 4H<\/li>\n<li>Vaikea taso: \u2b50\u2b50\u2b50\u2b50<\/li>\n<li>Koottu koko: K: 8,8 tuumaa (22,4 cm) * L: 2,9 tuumaa (7,3 cm) * S: 3,9 tuumaa (10 cm)<\/li>\n<\/ul>\n<p><\/p>","protected":false},"excerpt":{"rendered":"<p>Toimitusaika: 3\u20137 arkip\u00e4iv\u00e4\u00e4<br \/>\nKaikki tilaukset l\u00e4hetet\u00e4\u00e4n nopeasti ja huolellisesti pakattuna. Useimmat tilaukset saapuvat 3\u20137 arkip\u00e4iv\u00e4n kuluessa.<\/p>\n<p>T\u00e4m\u00e4 raskas kuorma-auto on kauniisti valmistettu 3D-puupulma, joka tarjoaa sek\u00e4 rakentamisen iloa ett\u00e4 koristeellista arvoa. Kun pulma on koottu, siit\u00e4 tulee hauska ja realistinen 3D-n\u00e4ytt\u00f6esine. Setti sis\u00e4lt\u00e4\u00e4 laserleikattuja puupaloja ja hiekkapaperin t\u00e4ydelliseen istuvuuteen.<\/p>\n<p>\u2728 Miksi se on erityinen:<\/p>\n<p>T\u00e4ysin puinen ja korkealaatuinen valmistus<\/p>\n<p>Luo hauskan ja koristeellisen 3D-mallin<\/p>\n<p>Hiekkapaperi varmistaa palojen t\u00e4ydellisen istuvuuden<\/p>\n<p>Sopii lapsille ja aikuisille<\/p>\n","protected":false},"featured_media":10884,"template":"","meta":[],"product_brand":[],"product_cat":[88,70],"product_tag":[],"class_list":{"0":"post-10883","1":"product","2":"type-product","3":"status-publish","4":"has-post-thumbnail","6":"product_cat-auto","7":"product_cat-puidust-3d-pusled","9":"first","10":"instock","11":"shipping-taxable","12":"purchasable","13":"product-type-simple"},"_links":{"self":[{"href":"https:\/\/brainiwood.com\/fi\/wp-json\/wp\/v2\/product\/10883","targetHints":{"allow":["GET"]}}],"collection":[{"href":"https:\/\/brainiwood.com\/fi\/wp-json\/wp\/v2\/product"}],"about":[{"href":"https:\/\/brainiwood.com\/fi\/wp-json\/wp\/v2\/types\/product"}],"wp:featuredmedia":[{"embeddable":true,"href":"https:\/\/brainiwood.com\/fi\/wp-json\/wp\/v2\/media\/10884"}],"wp:attachment":[{"href":"https:\/\/brainiwood.com\/fi\/wp-json\/wp\/v2\/media?parent=10883"}],"wp:term":[{"taxonomy":"product_brand","embeddable":true,"href":"https:\/\/brainiwood.com\/fi\/wp-json\/wp\/v2\/product_brand?post=10883"},{"taxonomy":"product_cat","embeddable":true,"href":"https:\/\/brainiwood.com\/fi\/wp-json\/wp\/v2\/product_cat?post=10883"},{"taxonomy":"product_tag","embeddable":true,"href":"https:\/\/brainiwood.com\/fi\/wp-json\/wp\/v2\/product_tag?post=10883"}],"curies":[{"name":"wp","href":"https:\/\/api.w.org\/{rel}","templated":true}]}}