{"id":10889,"date":"2025-08-21T06:06:26","date_gmt":"2025-08-21T03:06:26","guid":{"rendered":"https:\/\/brainiwood.com\/?post_type=product&#038;p=10889"},"modified":"2026-03-21T16:38:59","modified_gmt":"2026-03-21T14:38:59","slug":"voidusoiduauto-3d-puidust-pusle-kellavargiga","status":"publish","type":"product","link":"https:\/\/brainiwood.com\/fi\/toode\/voidusoiduauto-3d-puidust-pusle-kellavargiga\/","title":{"rendered":"Kilpa-auto 3D puupulma \u2013 Kelloj\u00e4rjestelm\u00e4"},"content":{"rendered":"<p><\/p>\n<ul>\n<li>Kilpa-auto 3D puinen palapeli \u2013 kellokoneistolla toimiva malli<\/li>\n<li>\n<p data-start=\"841\" data-end=\"1074\"><strong data-start=\"841\" data-end=\"874\">Kilpa-auto 3D puinen palapeli<\/strong> on kellokoneistolla varustettu mekaaninen DIY-malli, jonka avulla voit rakentaa yksityiskohtaisen ja liikkuvan kilpa-auton. T\u00e4m\u00e4 puinen rakennussarja yhdist\u00e4\u00e4 tarkan rakenteen ja klassisen muotoilun.<\/p>\n<p data-start=\"1076\" data-end=\"1249\">Valmis mekaaninen auto tarjoaa mukaansatempaavan rakennuskokemuksen ja toimivan kellokoneiston. T\u00e4m\u00e4 3D puumalli sopii harrastajille ja lahjaksi tekniikasta kiinnostuneille.<\/p>\n<\/li>\n<li>Kokoonpanon koko: 290 * 105 * 76 mm<\/li>\n<li>Pakkauksen koko: 320 * 235 * 40 mm<\/li>\n<li>Puu kpl: 246 kpl<\/li>\n<li>Materiaali: Vaneri<\/li>\n<\/ul>\n<p><\/p>","protected":false},"excerpt":{"rendered":"<p>Toimitusaika: 3\u20137 arkip\u00e4iv\u00e4\u00e4<br \/>\nKaikki tilaukset l\u00e4hetet\u00e4\u00e4n nopeasti ja huolellisesti pakattuna. Useimmat tilaukset saapuvat 3\u20137 arkip\u00e4iv\u00e4n kuluessa.<\/p>\n<p>T\u00e4m\u00e4 kilpa-auto puinen 3D-pulma k\u00e4ytt\u00e4\u00e4 kelloviritteist\u00e4 energianvarastolaatikkoa ja mikrovaihdelaatikkoa, jotka v\u00e4litt\u00e4v\u00e4t voiman hammasrattaiden kautta, ja auto liikkuu jopa 6\u20138 metri\u00e4. Rakenna oma minikilparata ja nauti hauskaa ja mukaansatempaavaa rakennuskokemusta!<\/p>\n<p>\u2728 Miksi se on erityinen:<\/p>\n<p>T\u00e4ysin mekaaninen 3D-pulma<\/p>\n<p>Liikkuu jopa 6\u20138 metri\u00e4<\/p>\n<p>Kehitt\u00e4\u00e4 keskittymist\u00e4 ja tarkkuutta<\/p>\n<p>T\u00e4ydellinen lahja lapsille ja aikuisille<\/p>\n","protected":false},"featured_media":10893,"template":"","meta":[],"product_brand":[],"product_cat":[88,76],"product_tag":[87],"class_list":{"0":"post-10889","1":"product","2":"type-product","3":"status-publish","4":"has-post-thumbnail","6":"product_cat-auto","7":"product_cat-mudelite-ehitus","8":"product_tag-mechanical","10":"first","11":"instock","12":"shipping-taxable","13":"purchasable","14":"product-type-simple"},"_links":{"self":[{"href":"https:\/\/brainiwood.com\/fi\/wp-json\/wp\/v2\/product\/10889","targetHints":{"allow":["GET"]}}],"collection":[{"href":"https:\/\/brainiwood.com\/fi\/wp-json\/wp\/v2\/product"}],"about":[{"href":"https:\/\/brainiwood.com\/fi\/wp-json\/wp\/v2\/types\/product"}],"wp:featuredmedia":[{"embeddable":true,"href":"https:\/\/brainiwood.com\/fi\/wp-json\/wp\/v2\/media\/10893"}],"wp:attachment":[{"href":"https:\/\/brainiwood.com\/fi\/wp-json\/wp\/v2\/media?parent=10889"}],"wp:term":[{"taxonomy":"product_brand","embeddable":true,"href":"https:\/\/brainiwood.com\/fi\/wp-json\/wp\/v2\/product_brand?post=10889"},{"taxonomy":"product_cat","embeddable":true,"href":"https:\/\/brainiwood.com\/fi\/wp-json\/wp\/v2\/product_cat?post=10889"},{"taxonomy":"product_tag","embeddable":true,"href":"https:\/\/brainiwood.com\/fi\/wp-json\/wp\/v2\/product_tag?post=10889"}],"curies":[{"name":"wp","href":"https:\/\/api.w.org\/{rel}","templated":true}]}}