{"id":10901,"date":"2025-08-21T16:42:57","date_gmt":"2025-08-21T13:42:57","guid":{"rendered":"https:\/\/brainiwood.com\/?post_type=product&#038;p=10901"},"modified":"2026-02-21T09:52:10","modified_gmt":"2026-02-21T07:52:10","slug":"cozy-living-lounge-miniatuurne-majake-3d","status":"publish","type":"product","link":"https:\/\/brainiwood.com\/fi\/toode\/cozy-living-lounge-miniatuurne-majake-3d\/","title":{"rendered":"Cozy Living Lounge \u2013 Minitalo"},"content":{"rendered":"<p><\/p>\n<ul>\n<li>Cozy Living Lounge miniatyyrim\u00f6kki \u2013 yksityiskohtainen DIY nukkekotimalli<\/li>\n<li>\n<p data-start=\"860\" data-end=\"1101\"><strong data-start=\"860\" data-end=\"898\">Cozy Living Lounge miniatyyrim\u00f6kki<\/strong> on tunnelmallinen ja tarkasti suunniteltu DIY-malli, jonka avulla voit rakentaa realistisen olohuoneen pienoiskoossa. T\u00e4m\u00e4 nukkekotimalli yhdist\u00e4\u00e4 laadukkaat yksityiskohdat ja luovan rakennuskokemuksen.<\/p>\n<p data-start=\"1103\" data-end=\"1305\">Valmis miniatyyrinen olohuone tuo l\u00e4mpim\u00e4n tunnelman sisustukseen ja sopii lahjaksi pienoismallien ja k\u00e4sity\u00f6n yst\u00e4ville. Rakennussarja tarjoaa nautinnollisen kokoamisprosessin ja kauniin lopputuloksen.<\/p>\n<\/li>\n<li>Materiaali: ABS, PVC, paperi<\/li>\n<li>Kokoamisaika: 60min<\/li>\n<li>Koottu koko: 163 * 163 * 152 mm<\/li>\n<li>Kappaleet: 114<\/li>\n<\/ul>\n<p><\/p>","protected":false},"excerpt":{"rendered":"<p>Toimitusaika: 3\u20137 arkip\u00e4iv\u00e4\u00e4<br \/>\nKaikki tilaukset l\u00e4hetet\u00e4\u00e4n nopeasti ja huolellisesti pakattuna. Useimmat tilaukset saapuvat 3\u20137 arkip\u00e4iv\u00e4n kuluessa.<\/p>\n<p>Sukella miniatyyriseen tilaan, joka on t\u00e4ynn\u00e4 rauhaa ja l\u00e4mp\u00f6\u00e4 Cozy Living Lounge -minitalon avulla. L\u00f6yd\u00e4 t\u00e4ydellinen mukavuus ja rentoutuminen ty\u00f6p\u00e4iv\u00e4n j\u00e4lkeen ja nauti omasta pienest\u00e4 ylellisest\u00e4 nurkastasi.<\/p>\n<p>\u2728 Miksi se on erityinen:<\/p>\n<p>Minitalo yksityiskohtaisella sisustuksella<\/p>\n<p>Luo oma rauhallinen ja kodikas tila<\/p>\n<p>T\u00e4ydellinen lahja lapsille ja aikuisille<\/p>\n<p>Kehitt\u00e4\u00e4 keskittymist\u00e4, luovuutta ja tarkkuutta<\/p>\n","protected":false},"featured_media":10905,"template":"","meta":[],"product_brand":[],"product_cat":[84],"product_tag":[],"class_list":{"0":"post-10901","1":"product","2":"type-product","3":"status-publish","4":"has-post-thumbnail","6":"product_cat-lastele","8":"first","9":"instock","10":"shipping-taxable","11":"purchasable","12":"product-type-simple"},"_links":{"self":[{"href":"https:\/\/brainiwood.com\/fi\/wp-json\/wp\/v2\/product\/10901","targetHints":{"allow":["GET"]}}],"collection":[{"href":"https:\/\/brainiwood.com\/fi\/wp-json\/wp\/v2\/product"}],"about":[{"href":"https:\/\/brainiwood.com\/fi\/wp-json\/wp\/v2\/types\/product"}],"wp:featuredmedia":[{"embeddable":true,"href":"https:\/\/brainiwood.com\/fi\/wp-json\/wp\/v2\/media\/10905"}],"wp:attachment":[{"href":"https:\/\/brainiwood.com\/fi\/wp-json\/wp\/v2\/media?parent=10901"}],"wp:term":[{"taxonomy":"product_brand","embeddable":true,"href":"https:\/\/brainiwood.com\/fi\/wp-json\/wp\/v2\/product_brand?post=10901"},{"taxonomy":"product_cat","embeddable":true,"href":"https:\/\/brainiwood.com\/fi\/wp-json\/wp\/v2\/product_cat?post=10901"},{"taxonomy":"product_tag","embeddable":true,"href":"https:\/\/brainiwood.com\/fi\/wp-json\/wp\/v2\/product_tag?post=10901"}],"curies":[{"name":"wp","href":"https:\/\/api.w.org\/{rel}","templated":true}]}}