{"id":10908,"date":"2025-08-21T16:51:12","date_gmt":"2025-08-21T13:51:12","guid":{"rendered":"https:\/\/brainiwood.com\/?post_type=product&#038;p=10908"},"modified":"2026-02-21T09:43:44","modified_gmt":"2026-02-21T07:43:44","slug":"simons-coffee-dg109-miniatuurne-kohvik","status":"publish","type":"product","link":"https:\/\/brainiwood.com\/fi\/toode\/simons-coffee-dg109-miniatuurne-kohvik\/","title":{"rendered":"Simon\u2019s Coffee DG109 \u2013 Minikahvila nukkekoti setti"},"content":{"rendered":"<p><\/p>\n<ul>\n<li>Simon\u2019s Coffee DG109 miniatyyrikahvila nukkekodissa \u2013 yksityiskohtainen DIY malli<\/li>\n<li>\n<p data-start=\"852\" data-end=\"1112\"><strong data-start=\"852\" data-end=\"907\">Simon\u2019s Coffee DG109 miniatyyrikahvila nukkekodissa<\/strong> on tarkasti suunniteltu ja tunnelmallinen DIY-malli, jonka avulla voit rakentaa realistisen kahvilan pienoiskoossa. T\u00e4m\u00e4 nukkekodin kahvila yhdist\u00e4\u00e4 laadukkaat yksityiskohdat ja luovan rakennuskokemuksen.<\/p>\n<p data-start=\"1114\" data-end=\"1312\">Valmis miniatyyrikahvila tuo l\u00e4mpim\u00e4n tunnelman sisustukseen ja sopii lahjaksi pienoismallien ja k\u00e4sity\u00f6n yst\u00e4ville. Rakennussarja tarjoaa nautinnollisen kokoamiskokemuksen ja kauniin lopputuloksen.<\/p>\n<\/li>\n<li>Kappaleet: 203<\/li>\n<li>Kokoamisaika: 24H<\/li>\n<li>Mittakaava: 1:18<\/li>\n<li>Koottu koko: K: 8,9&#8243; (22,6 cm) * L: 7,6 &#8221;(19,4 cm) * S: 7,5&#8221; (19 cm)<\/li>\n<\/ul>\n<p><\/p>","protected":false},"excerpt":{"rendered":"<p>Toimitusaika: 3\u20137 arkip\u00e4iv\u00e4\u00e4<br \/>\nKaikki tilaukset l\u00e4hetet\u00e4\u00e4n nopeasti ja huolellisesti pakattuna. Useimmat tilaukset saapuvat 3\u20137 arkip\u00e4iv\u00e4n kuluessa.<\/p>\n<p>Tervetuloa Simon\u2019s Coffee DG109:\u00e4\u00e4n! T\u00e4m\u00e4 sulo minikahvila nukkekoti setti on kaikkien naapuruston asukkaiden suosikki. Her\u00e4t\u00e4 luovuutesi eloon ja rakenna oma minikahvilasi \u2013 hauska ja mukaansatempaava DIY-projekti kaikenik\u00e4isille.<\/p>\n<p>\u2728 Miksi se on erityinen:<\/p>\n<p>Minikahvila nukkekoti setti<\/p>\n<p>Rakenna ja r\u00e4\u00e4t\u00e4l\u00f6i itse \u2013 luova DIY-projekti<\/p>\n<p>T\u00e4ydellinen lahja lapsille ja aikuisille<\/p>\n<p>Kehitt\u00e4\u00e4 keskittymist\u00e4, luovuutta ja tarkkuutta<\/p>\n","protected":false},"featured_media":10909,"template":"","meta":[],"product_brand":[],"product_cat":[84],"product_tag":[],"class_list":{"0":"post-10908","1":"product","2":"type-product","3":"status-publish","4":"has-post-thumbnail","6":"product_cat-lastele","8":"first","9":"instock","10":"shipping-taxable","11":"purchasable","12":"product-type-simple"},"_links":{"self":[{"href":"https:\/\/brainiwood.com\/fi\/wp-json\/wp\/v2\/product\/10908","targetHints":{"allow":["GET"]}}],"collection":[{"href":"https:\/\/brainiwood.com\/fi\/wp-json\/wp\/v2\/product"}],"about":[{"href":"https:\/\/brainiwood.com\/fi\/wp-json\/wp\/v2\/types\/product"}],"wp:featuredmedia":[{"embeddable":true,"href":"https:\/\/brainiwood.com\/fi\/wp-json\/wp\/v2\/media\/10909"}],"wp:attachment":[{"href":"https:\/\/brainiwood.com\/fi\/wp-json\/wp\/v2\/media?parent=10908"}],"wp:term":[{"taxonomy":"product_brand","embeddable":true,"href":"https:\/\/brainiwood.com\/fi\/wp-json\/wp\/v2\/product_brand?post=10908"},{"taxonomy":"product_cat","embeddable":true,"href":"https:\/\/brainiwood.com\/fi\/wp-json\/wp\/v2\/product_cat?post=10908"},{"taxonomy":"product_tag","embeddable":true,"href":"https:\/\/brainiwood.com\/fi\/wp-json\/wp\/v2\/product_tag?post=10908"}],"curies":[{"name":"wp","href":"https:\/\/api.w.org\/{rel}","templated":true}]}}