{"id":10915,"date":"2025-08-21T16:59:18","date_gmt":"2025-08-21T13:59:18","guid":{"rendered":"https:\/\/brainiwood.com\/?post_type=product&#038;p=10915"},"modified":"2026-02-21T09:35:19","modified_gmt":"2026-02-21T07:35:19","slug":"globaalsed-imed-gloobus-3d-puidust-pusle-3d","status":"publish","type":"product","link":"https:\/\/brainiwood.com\/fi\/toode\/globaalsed-imed-gloobus-3d-puidust-pusle-3d\/","title":{"rendered":"3D-puinen maapallo-palapeli \u2013 toiminnallinen ja elegantti"},"content":{"rendered":"<p><\/p>\n<ul>\n<li>3D puinen maapallo palapeli \u2013 rakenna oma mekaaninen maailmamalli<\/li>\n<li>\n<p data-start=\"371\" data-end=\"592\"><strong data-start=\"371\" data-end=\"402\">3D puinen maapallo palapeli<\/strong> on toimiva ja koristeellinen DIY-malli, jonka avulla voit rakentaa py\u00f6riv\u00e4n maailmamallin astronomisella kellolla. T\u00e4m\u00e4 mekaaninen puumalli yhdist\u00e4\u00e4 tarkan rakenteen ja elegantin muotoilun.<\/p>\n<p data-start=\"594\" data-end=\"825\">Valmis maapallo esittelee maailman ihmeet ja niiden sijainnit sek\u00e4 tarjoaa opettavaisen ja mukaansatempaavan rakennuskokemuksen. T\u00e4m\u00e4 puinen maailmamalli sopii kotiin, toimistoon tai lahjaksi laadukkaita 3D-palapelej\u00e4 arvostavalle.<\/p>\n<\/li>\n<li>Materiaali: Vaneri, MDF-levy<\/li>\n<li>Kokoamisaika: 2,5 tuntia<\/li>\n<li>Kappaleet: 277<\/li>\n<li>Kokoon koottu: 162 * 146 * 234 mm<\/li>\n<li>Pakkauksen koko: 318 * 230 * 40 mm<\/li>\n<\/ul>\n<p><\/p>","protected":false},"excerpt":{"rendered":"<p>Toimitusaika: 3\u20137 arkip\u00e4iv\u00e4\u00e4<br \/>\nKaikki tilaukset l\u00e4hetet\u00e4\u00e4n nopeasti ja huolellisesti pakattuna. Useimmat tilaukset saapuvat 3\u20137 arkip\u00e4iv\u00e4n kuluessa.<\/p>\n<p>Tutustu maailman kauneuteen ja historiaan t\u00e4m\u00e4n 3D-puisen maapallo-palapelin avulla. Kun palapeli on koottu, siit\u00e4 tulee toimiva maapallo, joka esittelee maailman ihmeit\u00e4 ja niiden sijainteja, t\u00e4ydent\u00e4en sen pohjalla oleva astronominen kello.<\/p>\n<p>T\u00e4m\u00e4 palapeli on enemm\u00e4n kuin lelu \u2013 se on elegantti opetusv\u00e4line ja ajaton perint\u00f6, joka tarjoaa iloa sek\u00e4 lapsille ett\u00e4 aikuisille.<\/p>\n<p>\u2728 Miksi se on erityinen:<\/p>\n<p>Toimiva 3D puinen maapallo astronomisella kellolla<\/p>\n<p>N\u00e4ytt\u00e4\u00e4 maailman ihmeet ja niiden sijainnit<\/p>\n<p>Kehitt\u00e4\u00e4 keskittymiskyky\u00e4, loogista ajattelua ja maantuntemusta<\/p>\n<p>Kaunis koristeellinen ja opettavainen esine, joka kest\u00e4\u00e4 vuosikymmeni\u00e4<\/p>\n","protected":false},"featured_media":10916,"template":"","meta":[],"product_brand":[],"product_cat":[70],"product_tag":[],"class_list":{"0":"post-10915","1":"product","2":"type-product","3":"status-publish","4":"has-post-thumbnail","6":"product_cat-puidust-3d-pusled","8":"first","9":"instock","10":"shipping-taxable","11":"purchasable","12":"product-type-simple"},"_links":{"self":[{"href":"https:\/\/brainiwood.com\/fi\/wp-json\/wp\/v2\/product\/10915","targetHints":{"allow":["GET"]}}],"collection":[{"href":"https:\/\/brainiwood.com\/fi\/wp-json\/wp\/v2\/product"}],"about":[{"href":"https:\/\/brainiwood.com\/fi\/wp-json\/wp\/v2\/types\/product"}],"wp:featuredmedia":[{"embeddable":true,"href":"https:\/\/brainiwood.com\/fi\/wp-json\/wp\/v2\/media\/10916"}],"wp:attachment":[{"href":"https:\/\/brainiwood.com\/fi\/wp-json\/wp\/v2\/media?parent=10915"}],"wp:term":[{"taxonomy":"product_brand","embeddable":true,"href":"https:\/\/brainiwood.com\/fi\/wp-json\/wp\/v2\/product_brand?post=10915"},{"taxonomy":"product_cat","embeddable":true,"href":"https:\/\/brainiwood.com\/fi\/wp-json\/wp\/v2\/product_cat?post=10915"},{"taxonomy":"product_tag","embeddable":true,"href":"https:\/\/brainiwood.com\/fi\/wp-json\/wp\/v2\/product_tag?post=10915"}],"curies":[{"name":"wp","href":"https:\/\/api.w.org\/{rel}","templated":true}]}}