{"id":10977,"date":"2025-11-20T16:44:34","date_gmt":"2025-11-20T14:44:34","guid":{"rendered":"https:\/\/brainiwood.com\/?post_type=product&#038;p=10977"},"modified":"2026-02-20T18:57:21","modified_gmt":"2026-02-20T16:57:21","slug":"vaikesed-puumajad-troopiline-vaateplatvorm-3d","status":"publish","type":"product","link":"https:\/\/brainiwood.com\/fi\/toode\/vaikesed-puumajad-troopiline-vaateplatvorm-3d\/","title":{"rendered":"DIY 3D-puupalapeli \u2013 Trooppinen n\u00e4k\u00f6alataso (puumaja)"},"content":{"rendered":"<p>DIY puinen 3D palapeli \u2013 trooppinen n\u00e4k\u00f6alapuumaja<\/p>\n<p data-start=\"667\" data-end=\"851\">Trooppinen n\u00e4k\u00f6alapuumaja on n\u00e4ytt\u00e4v\u00e4 DIY puinen 3D palapeli, joka tuo eksoottisen tunnelman kotiin. Yksityiskohtainen rakenne ja monitasoinen puumaja tekev\u00e4t kokoamisesta el\u00e4myksen.<\/p>\n<p data-start=\"853\" data-end=\"985\">T\u00e4m\u00e4 puinen rakennussarja sopii t\u00e4ydellisesti lahjaksi sek\u00e4 harrastajille, jotka arvostavat luovia ja koristeellisia pienoismalleja.<\/p>\n<p>Palat: 123<br \/>\nMittakaava: 1:100<br \/>\nKoottu koko: 95 x 100 x 155 mm, plus akryylipaalut<\/p>\n<p>Paristot eiv\u00e4t sis\u00e4lly. Tarvittavat paristot: 2x CR2032 per puumaja 95 x 100 x 155mm<\/p>","protected":false},"excerpt":{"rendered":"<p data-start=\"1586\" data-end=\"1804\">Toimitusaika: 3\u20137 arkip\u00e4iv\u00e4\u00e4<br \/>\nKaikki tilaukset l\u00e4hetet\u00e4\u00e4n nopeasti ja huolellisesti pakattuna. Useimmat tilaukset saapuvat 3\u20137 arkip\u00e4iv\u00e4n kuluessa.<\/p>\n<p data-start=\"1586\" data-end=\"1804\">Yhdisty luontoon t\u00e4ss\u00e4 monikerroksisessa viidakon puumajassa, jossa avoin asuminen, panoraaman\u00e4kym\u00e4t ja trooppinen rauha kohtaavat. Pienet puumajat ja yksityiskohtainen rakenne luovat aidon luonnonl\u00e4heisen tunnelman.<\/p>\n<p data-start=\"1806\" data-end=\"1934\">DIY-rakennussarja sis\u00e4lt\u00e4\u00e4 selke\u00e4t ja helpot ohjeet. Mukana LED-valaistus, kosteudenkest\u00e4v\u00e4 akryylitanko sek\u00e4 asennusty\u00f6kalut.<\/p>\n<p data-start=\"1936\" data-end=\"1954\"><strong data-start=\"1936\" data-end=\"1952\">Tuotetiedot:<\/strong><\/p>\n<ul data-start=\"1955\" data-end=\"2162\">\n<li data-start=\"1955\" data-end=\"2015\">\n<p data-start=\"1957\" data-end=\"2015\">Valinnainen rakenne: akryylikasvihartsi, tasainen alusta<\/p>\n<\/li>\n<li data-start=\"2016\" data-end=\"2078\">\n<p data-start=\"2018\" data-end=\"2078\">Vaikeustaso: 4\/6 (hauska, hieman haastavia yksityiskohtia)<\/p>\n<\/li>\n<li data-start=\"2079\" data-end=\"2107\">\n<p data-start=\"2081\" data-end=\"2107\">Rakennusaika: 2\u20133 tuntia<\/p>\n<\/li>\n<li data-start=\"2108\" data-end=\"2162\">\n<p data-start=\"2110\" data-end=\"2162\">Sopii luovaan rakentamiseen ja sisustuselementiksi<\/p>\n<\/li>\n<\/ul>\n","protected":false},"featured_media":10980,"template":"","meta":[],"product_brand":[],"product_cat":[74],"product_tag":[85],"class_list":{"0":"post-10977","1":"product","2":"type-product","3":"status-publish","4":"has-post-thumbnail","6":"product_cat-minimajad","7":"product_tag-valgustusega","9":"first","10":"instock","11":"shipping-taxable","12":"purchasable","13":"product-type-simple"},"_links":{"self":[{"href":"https:\/\/brainiwood.com\/fi\/wp-json\/wp\/v2\/product\/10977","targetHints":{"allow":["GET"]}}],"collection":[{"href":"https:\/\/brainiwood.com\/fi\/wp-json\/wp\/v2\/product"}],"about":[{"href":"https:\/\/brainiwood.com\/fi\/wp-json\/wp\/v2\/types\/product"}],"wp:featuredmedia":[{"embeddable":true,"href":"https:\/\/brainiwood.com\/fi\/wp-json\/wp\/v2\/media\/10980"}],"wp:attachment":[{"href":"https:\/\/brainiwood.com\/fi\/wp-json\/wp\/v2\/media?parent=10977"}],"wp:term":[{"taxonomy":"product_brand","embeddable":true,"href":"https:\/\/brainiwood.com\/fi\/wp-json\/wp\/v2\/product_brand?post=10977"},{"taxonomy":"product_cat","embeddable":true,"href":"https:\/\/brainiwood.com\/fi\/wp-json\/wp\/v2\/product_cat?post=10977"},{"taxonomy":"product_tag","embeddable":true,"href":"https:\/\/brainiwood.com\/fi\/wp-json\/wp\/v2\/product_tag?post=10977"}],"curies":[{"name":"wp","href":"https:\/\/api.w.org\/{rel}","templated":true}]}}