{"id":10983,"date":"2025-11-21T12:28:09","date_gmt":"2025-11-21T10:28:09","guid":{"rendered":"https:\/\/brainiwood.com\/?post_type=product&#038;p=10983"},"modified":"2026-02-20T18:45:59","modified_gmt":"2026-02-20T16:45:59","slug":"maagiline-tsello","status":"publish","type":"product","link":"https:\/\/brainiwood.com\/fi\/toode\/maagiline-tsello\/","title":{"rendered":"ROKR Sello-mekaaninen musiikkilaatikko \u2013 3D puinen palapeli"},"content":{"rendered":"<p>ROKR sello mekaaninen soittorasia 3D puinen palapeli<\/p>\n<p data-start=\"734\" data-end=\"945\">ROKR sello on n\u00e4ytt\u00e4v\u00e4 3D puinen palapeli, joka yhdist\u00e4\u00e4 klassisen musiikin ja hienostuneen mekaniikan. Yksityiskohtainen rakenne ja toimiva soittorasia tekev\u00e4t t\u00e4st\u00e4 mallista ainutlaatuisen sisustuselementin.<\/p>\n<p data-start=\"947\" data-end=\"1071\">T\u00e4m\u00e4 mekaaninen 3D palapeli on t\u00e4ydellinen lahja musiikin yst\u00e4v\u00e4lle tai laadukkaiden puisten rakennussarjojen harrastajalle.<\/p>\n<p>Nappuloita: 199<\/p>\n<p>Kokoamisaika: 4,5 tuntia<\/p>\n<p>Vaikeustaso: \u2b50\u2b50\u2b50\u2b50<\/p>\n<p>Koko: K: 9,3&#8243;(24 cm)*W:8,1&#8243;(21cm)*D:7,3&#8243;(19cm)<\/p>","protected":false},"excerpt":{"rendered":"<p>Toimitusaika: 3\u20137 arkip\u00e4iv\u00e4\u00e4<br \/>\nKaikki tilaukset l\u00e4hetet\u00e4\u00e4n nopeasti ja huolellisesti pakattuna. Useimmat tilaukset saapuvat 3\u20137 arkip\u00e4iv\u00e4n kuluessa.<\/p>\n<p>Sukella maagiseen musiikkikokemukseen ROKR Sello-mekaanisen musiikkilaatikon avulla. Kierr\u00e4 hammasrattaat ja katso, kuinka melodia soi ja yksityiskohdat liikkuvat, her\u00e4tt\u00e4en t\u00e4m\u00e4n mekaanisen ihmeen eloon.<\/p>\n<p>T\u00e4m\u00e4 palapeli on enemm\u00e4n kuin lelu \u2013 se on kokemus, joka kehitt\u00e4\u00e4 loogista ajattelua, k\u00e4rsiv\u00e4llisyytt\u00e4 ja tarkkuutta. T\u00e4ydellinen lahja lapsille ja aikuisille, jotka arvostavat luovuutta, musiikkia ja mekaanista kauneutta.<\/p>\n<p>\u2728 Miksi se on erityinen:<\/p>\n<p>3D puinen palapeli muuttuu musiikilliseksi mekaaniseksi mestariteokseksi<\/p>\n<p>Kehitt\u00e4\u00e4 keskittymiskyky\u00e4 ja tarkkuutta<\/p>\n<p>Rentouttava ja kiehtova kokemus<\/p>\n<p>T\u00e4ydellinen lahja kaikenik\u00e4isille<\/p>\n","protected":false},"featured_media":10986,"template":"","meta":[],"product_brand":[],"product_cat":[70],"product_tag":[87],"class_list":{"0":"post-10983","1":"product","2":"type-product","3":"status-publish","4":"has-post-thumbnail","6":"product_cat-puidust-3d-pusled","7":"product_tag-mechanical","9":"first","10":"instock","11":"shipping-taxable","12":"purchasable","13":"product-type-simple"},"_links":{"self":[{"href":"https:\/\/brainiwood.com\/fi\/wp-json\/wp\/v2\/product\/10983","targetHints":{"allow":["GET"]}}],"collection":[{"href":"https:\/\/brainiwood.com\/fi\/wp-json\/wp\/v2\/product"}],"about":[{"href":"https:\/\/brainiwood.com\/fi\/wp-json\/wp\/v2\/types\/product"}],"wp:featuredmedia":[{"embeddable":true,"href":"https:\/\/brainiwood.com\/fi\/wp-json\/wp\/v2\/media\/10986"}],"wp:attachment":[{"href":"https:\/\/brainiwood.com\/fi\/wp-json\/wp\/v2\/media?parent=10983"}],"wp:term":[{"taxonomy":"product_brand","embeddable":true,"href":"https:\/\/brainiwood.com\/fi\/wp-json\/wp\/v2\/product_brand?post=10983"},{"taxonomy":"product_cat","embeddable":true,"href":"https:\/\/brainiwood.com\/fi\/wp-json\/wp\/v2\/product_cat?post=10983"},{"taxonomy":"product_tag","embeddable":true,"href":"https:\/\/brainiwood.com\/fi\/wp-json\/wp\/v2\/product_tag?post=10983"}],"curies":[{"name":"wp","href":"https:\/\/api.w.org\/{rel}","templated":true}]}}