{"id":10990,"date":"2025-11-21T13:23:19","date_gmt":"2025-11-21T11:23:19","guid":{"rendered":"https:\/\/brainiwood.com\/?post_type=product&#038;p=10990"},"modified":"2026-04-13T12:16:54","modified_gmt":"2026-04-13T09:16:54","slug":"klassikaline-karussell-3d-puidust-brainiwood","status":"publish","type":"product","link":"https:\/\/brainiwood.com\/fi\/toode\/rolife-music-dreamer-classic-carousel-3d-puinen-musiikkipalapeli\/","title":{"rendered":"Rolife Music Dreamer Classic Carousel \u2013 3D puinen musiikkipalapeli"},"content":{"rendered":"<p>Rolife Classic Carousel \u2013 3D puinen musiikkipalapeli<\/p>\n<p>Rolife Music Dreamer Classic Carousel on tyylik\u00e4s 3D puinen musiikkipalapeli, joka yhdist\u00e4\u00e4 yksityiskohtaisen k\u00e4sity\u00f6n ja klassisen karusellin tunnelman. Kokoaminen tarjoaa rentouttavan ja luovan kokemuksen, ja valmis tuote soittaa kaunista melodiaa luoden l\u00e4mpim\u00e4n ilmapiirin. Sopii erinomaisesti sisustuselementiksi tai lahjaksi erityiselle henkil\u00f6lle.<\/p>\n<p>Kokoonpanokoko: 254*257*295mm<br \/>\nPaketin koko: 316*79*231mm<br \/>\nMusiikkis\u00e4velm\u00e4:<br \/>\n1. Menuetin D-duuri<br \/>\n2. Minuetti<br \/>\n3. Clair De Lune<br \/>\n4. Nokturni Es-duurissa, op. 9 nro 2<\/p>","protected":false},"excerpt":{"rendered":"<p>Toimitusaika: 3\u20137 arkip\u00e4iv\u00e4\u00e4<br \/>\nKaikki tilaukset l\u00e4hetet\u00e4\u00e4n nopeasti ja huolellisesti pakattuna. Useimmat tilaukset saapuvat 3\u20137 arkip\u00e4iv\u00e4n kuluessa.<\/p>\n<p>T\u00e4yt\u00e4 musiikilliset unelmasi Rolife Music Dreamer Classic Carouselilla \u2013 kauniilla 3D puisella karusellilla, joka tuo liikett\u00e4 ja musiikkia kotiisi. T\u00e4m\u00e4 tarkasti valmistettu palapeli yhdist\u00e4\u00e4 luovuuden, k\u00e4sity\u00f6n ja rauhoittavan musiikin, luoden kodin tunnelmallisen ja elegantin ilmapiirin.<\/p>\n<p>Kun karuselli on koottu, kierr\u00e4 vipua ja katso, kuinka t\u00e4hdet, el\u00e4imet ja hahmot her\u00e4\u00e4v\u00e4t eloon musiikin soidessa. T\u00e4ydellinen lahja lapsille ja aikuisille, jotka rakastavat unelmointia, mekaniikan kauneutta ja rauhallista luovuutta.<\/p>\n<p>\u2728 Miksi se on erityinen:<\/p>\n<p>3D puinen palapeli muuttuu liikkuvaksi ja musiikilliseksi karuselliksi<\/p>\n<p>Kehitt\u00e4\u00e4 luovuutta, k\u00e4rsiv\u00e4llisyytt\u00e4 ja keskittymiskyky\u00e4<\/p>\n<p>Rauhoittava musiikki ja visuaalinen nautinto<\/p>\n<p>T\u00e4ydellinen lahja kaikenik\u00e4isille<\/p>\n","protected":false},"featured_media":10995,"template":"","meta":[],"product_brand":[],"product_cat":[70],"product_tag":[87],"class_list":{"0":"post-10990","1":"product","2":"type-product","3":"status-publish","4":"has-post-thumbnail","6":"product_cat-puidust-3d-pusled","7":"product_tag-mechanical","9":"first","10":"instock","11":"shipping-taxable","12":"purchasable","13":"product-type-simple"},"_links":{"self":[{"href":"https:\/\/brainiwood.com\/fi\/wp-json\/wp\/v2\/product\/10990","targetHints":{"allow":["GET"]}}],"collection":[{"href":"https:\/\/brainiwood.com\/fi\/wp-json\/wp\/v2\/product"}],"about":[{"href":"https:\/\/brainiwood.com\/fi\/wp-json\/wp\/v2\/types\/product"}],"wp:featuredmedia":[{"embeddable":true,"href":"https:\/\/brainiwood.com\/fi\/wp-json\/wp\/v2\/media\/10995"}],"wp:attachment":[{"href":"https:\/\/brainiwood.com\/fi\/wp-json\/wp\/v2\/media?parent=10990"}],"wp:term":[{"taxonomy":"product_brand","embeddable":true,"href":"https:\/\/brainiwood.com\/fi\/wp-json\/wp\/v2\/product_brand?post=10990"},{"taxonomy":"product_cat","embeddable":true,"href":"https:\/\/brainiwood.com\/fi\/wp-json\/wp\/v2\/product_cat?post=10990"},{"taxonomy":"product_tag","embeddable":true,"href":"https:\/\/brainiwood.com\/fi\/wp-json\/wp\/v2\/product_tag?post=10990"}],"curies":[{"name":"wp","href":"https:\/\/api.w.org\/{rel}","templated":true}]}}