{"id":10996,"date":"2025-11-21T13:35:24","date_gmt":"2025-11-21T11:35:24","guid":{"rendered":"https:\/\/brainiwood.com\/?post_type=product&#038;p=10996"},"modified":"2026-03-15T07:40:31","modified_gmt":"2026-03-15T05:40:31","slug":"helendav-gloobus-3d-puidust-pusle-3d","status":"publish","type":"product","link":"https:\/\/brainiwood.com\/fi\/toode\/helendav-gloobus-3d-puidust-pusle-3d\/","title":{"rendered":"Hehkuva maapallo \u2013 3D puinen palapeli ja y\u00f6valo"},"content":{"rendered":"<p>Hehkuva maapallo \u2013 3D puinen palapeli ja y\u00f6valo<\/p>\n<p>Hehkuva maapallo on ainutlaatuinen 3D puinen palapeli ja y\u00f6valo, joka yhdist\u00e4\u00e4 rakentamisen ilon ja tunnelmallisen valaistuksen. Tarkka muotoilu tekee kokoamisesta mielenkiintoisen kokemuksen, ja valmis lamppu luo l\u00e4mpim\u00e4n ja rauhallisen ilmapiirin. Sopii t\u00e4ydellisesti ty\u00f6huoneeseen, olohuoneeseen tai lastenhuoneeseen. Erinomainen lahja matkailun yst\u00e4ville ja luoville harrastajille.<\/p>\n<p>Nappulat: 180<br \/>\nKokoamisaika: 4\u20138h<br \/>\nVaikeustaso: \u2b50\u2b50\u2b50\u2b50\u2b50<br \/>\nKoko: K:6,6&#8243;(17cm)*W:8,0&#8243;(20cm)*D:11,5&#8243;(29cm)<\/p>","protected":false},"excerpt":{"rendered":"<p>Toimitusaika: 3\u20137 arkip\u00e4iv\u00e4\u00e4<br \/>\nKaikki tilaukset l\u00e4hetet\u00e4\u00e4n nopeasti ja huolellisesti pakattuna. Useimmat tilaukset saapuvat 3\u20137 arkip\u00e4iv\u00e4n kuluessa.<\/p>\n<p>Hehkuva maapallo on tyylik\u00e4s 3D puinen palapeli, joka yhdist\u00e4\u00e4 klassisen ulkon\u00e4\u00f6n, oppimisen ja tunnelmallisen valaistuksen. P\u00e4iv\u00e4ll\u00e4 se toimii kauniina sisustuselementtin\u00e4 ja illalla rauhoittavana y\u00f6valona, joka tuo huoneeseen l\u00e4mpim\u00e4n valon.<\/p>\n<p>Kokoamisen j\u00e4lkeen maapallo valaistuu sis\u00e4lt\u00e4 p\u00e4in, korostaen maanosia ja yksityiskohtia upeasti. Se sopii t\u00e4ydellisesti makuuhuoneeseen, olohuoneeseen tai ty\u00f6tilaan ja on erinomainen lahja sek\u00e4 lapsille ett\u00e4 aikuisille.<\/p>\n<p>\u2728 Miksi t\u00e4m\u00e4 tuote on niin suosittu:<\/p>\n<p>Palapeli, sisustus ja valo samassa tuotteessa<\/p>\n<p>Kehitt\u00e4\u00e4 keskittymiskyky\u00e4 ja k\u00e4rsiv\u00e4llisyytt\u00e4<\/p>\n<p>Luo pehme\u00e4n ja miellytt\u00e4v\u00e4n valaistuksen<\/p>\n<p>T\u00e4ydellinen lahja palapelien yst\u00e4ville<\/p>\n","protected":false},"featured_media":10998,"template":"","meta":[],"product_brand":[],"product_cat":[70],"product_tag":[85],"class_list":{"0":"post-10996","1":"product","2":"type-product","3":"status-publish","4":"has-post-thumbnail","6":"product_cat-puidust-3d-pusled","7":"product_tag-valgustusega","9":"first","10":"instock","11":"shipping-taxable","12":"purchasable","13":"product-type-simple"},"_links":{"self":[{"href":"https:\/\/brainiwood.com\/fi\/wp-json\/wp\/v2\/product\/10996","targetHints":{"allow":["GET"]}}],"collection":[{"href":"https:\/\/brainiwood.com\/fi\/wp-json\/wp\/v2\/product"}],"about":[{"href":"https:\/\/brainiwood.com\/fi\/wp-json\/wp\/v2\/types\/product"}],"wp:featuredmedia":[{"embeddable":true,"href":"https:\/\/brainiwood.com\/fi\/wp-json\/wp\/v2\/media\/10998"}],"wp:attachment":[{"href":"https:\/\/brainiwood.com\/fi\/wp-json\/wp\/v2\/media?parent=10996"}],"wp:term":[{"taxonomy":"product_brand","embeddable":true,"href":"https:\/\/brainiwood.com\/fi\/wp-json\/wp\/v2\/product_brand?post=10996"},{"taxonomy":"product_cat","embeddable":true,"href":"https:\/\/brainiwood.com\/fi\/wp-json\/wp\/v2\/product_cat?post=10996"},{"taxonomy":"product_tag","embeddable":true,"href":"https:\/\/brainiwood.com\/fi\/wp-json\/wp\/v2\/product_tag?post=10996"}],"curies":[{"name":"wp","href":"https:\/\/api.w.org\/{rel}","templated":true}]}}