{"id":11015,"date":"2026-02-11T16:12:54","date_gmt":"2026-02-11T14:12:54","guid":{"rendered":"https:\/\/brainiwood.com\/?post_type=product&#038;p=11015"},"modified":"2026-03-15T07:39:49","modified_gmt":"2026-03-15T05:39:49","slug":"book-nook-wonderland-arcade-dating-puidust","status":"publish","type":"product","link":"https:\/\/brainiwood.com\/fi\/toode\/book-nook-wonderland-arcade-dating-puidust\/","title":{"rendered":"Book Nook \u201dWonderland Arcade Dating\u201d \u2013 3D puinen miniatyyrinen kirjahyllyn koriste"},"content":{"rendered":"<p><\/p>\n<ul>\n<li>Wonderland Arcade Dating \u2013 3D puisen kirjahyllyn miniatyyri<\/li>\n<li><\/li>\n<li>Book Nook \u201cWonderland Arcade Dating\u201d on ainutlaatuinen 3D puinen miniatyyri, joka tuo kirjahyllyysi romanttisen ja leikkis\u00e4n tunnelman. Yksityiskohtainen muotoilu ja huolellisesti viimeistellyt elementit luovat pienen maagisen maailman kirjojesi v\u00e4liin. Kokoaminen tarjoaa palkitsevaa ja rentouttavaa tekemist\u00e4 sek\u00e4 aikuisille ett\u00e4 nuoremmille harrastajille. T\u00e4ydellinen lahja kirjan yst\u00e4ville tai niille, jotka arvostavat erikoisia sisustuselementtej\u00e4.<\/li>\n<li><\/li>\n<li>Kokoonpanokoko: 106*195*255mm<\/li>\n<li>Paketin koko: 316*79*231mm<\/li>\n<li>Puuosat: 148 kpl<\/li>\n<li>Materiaali: Basswood-levy, tiheyslevy<\/li>\n<\/ul>\n<p><\/p>","protected":false},"excerpt":{"rendered":"<p data-start=\"939\" data-end=\"1139\">Toimitusaika: 3\u20137 arkip\u00e4iv\u00e4\u00e4<br \/>\nKaikki tilaukset l\u00e4hetet\u00e4\u00e4n nopeasti ja huolellisesti pakattuna. Useimmat tilaukset saapuvat 3\u20137 arkip\u00e4iv\u00e4n kuluessa.<\/p>\n<p data-start=\"939\" data-end=\"1139\">Taianomainen miniatyyrimaailma kirjahyllyysi.<br data-start=\"984\" data-end=\"987\" \/>\u201dWonderland Arcade Dating\u201d on yksityiskohtainen 3D puinen Book Nook -rakennussarja, joka luo romanttisen ja tunnelmallisen kadun\u00e4kym\u00e4n kirjojesi v\u00e4liin.<\/p>\n<p data-start=\"1141\" data-end=\"1177\">T\u00e4ydellinen lahja DIY-harrastajille.<\/p>\n","protected":false},"featured_media":11018,"template":"","meta":[],"product_brand":[],"product_cat":[70],"product_tag":[85],"class_list":{"0":"post-11015","1":"product","2":"type-product","3":"status-publish","4":"has-post-thumbnail","6":"product_cat-puidust-3d-pusled","7":"product_tag-valgustusega","9":"first","10":"instock","11":"shipping-taxable","12":"purchasable","13":"product-type-simple"},"_links":{"self":[{"href":"https:\/\/brainiwood.com\/fi\/wp-json\/wp\/v2\/product\/11015","targetHints":{"allow":["GET"]}}],"collection":[{"href":"https:\/\/brainiwood.com\/fi\/wp-json\/wp\/v2\/product"}],"about":[{"href":"https:\/\/brainiwood.com\/fi\/wp-json\/wp\/v2\/types\/product"}],"wp:featuredmedia":[{"embeddable":true,"href":"https:\/\/brainiwood.com\/fi\/wp-json\/wp\/v2\/media\/11018"}],"wp:attachment":[{"href":"https:\/\/brainiwood.com\/fi\/wp-json\/wp\/v2\/media?parent=11015"}],"wp:term":[{"taxonomy":"product_brand","embeddable":true,"href":"https:\/\/brainiwood.com\/fi\/wp-json\/wp\/v2\/product_brand?post=11015"},{"taxonomy":"product_cat","embeddable":true,"href":"https:\/\/brainiwood.com\/fi\/wp-json\/wp\/v2\/product_cat?post=11015"},{"taxonomy":"product_tag","embeddable":true,"href":"https:\/\/brainiwood.com\/fi\/wp-json\/wp\/v2\/product_tag?post=11015"}],"curies":[{"name":"wp","href":"https:\/\/api.w.org\/{rel}","templated":true}]}}