{"id":11022,"date":"2026-02-12T14:38:25","date_gmt":"2026-02-12T12:38:25","guid":{"rendered":"https:\/\/brainiwood.com\/?post_type=product&#038;p=11022"},"modified":"2026-03-15T07:38:39","modified_gmt":"2026-03-15T05:38:39","slug":"book-nook-holiday-cafe-in-books-3d-puidust","status":"publish","type":"product","link":"https:\/\/brainiwood.com\/fi\/toode\/book-nook-holiday-cafe-in-books-3d-puidust\/","title":{"rendered":"Book Nook \u201dHoliday Caf\u00e9\u201d \u2013 Stories in Books 3D puinen miniatyyri"},"content":{"rendered":"<p><\/p>\n<ul>\n<li>Book Nook Holiday Caf\u00e9 \u2013 3D puisen miniatyyri yleiskatsaus<\/li>\n<li><\/li>\n<li>Tutustu Book Nook Holiday Caf\u00e9 \u2013 kaunis 3D puinen miniatyyri, joka tuo hyllyllesi lukuiloa ja koristeellista vieh\u00e4tyst\u00e4. K\u00e4sity\u00f6n\u00e4 valmistetut yksityiskohdat luovat kodikkaan ilmapiirin ja tarjoavat tutkimisen iloa aikuisille ja lapsille. T\u00e4ydellinen lahja kirja-arvostajille tai ainutlaatuinen sisustuselementti kotiin. Kokoaminen on hauskaa ja palkitsevaa, her\u00e4tt\u00e4en luovuutesi eloon. Tee hyllyst\u00e4si pieni satumainen kahvila!<\/li>\n<li><\/li>\n<li>Kokoonpanokoko: 120*222*262mm<\/li>\n<li>Paketin koko: 316*65*232mm<\/li>\n<li>Puuosat: 171 kpl<\/li>\n<\/ul>\n<p><\/p>","protected":false},"excerpt":{"rendered":"<p data-start=\"1463\" data-end=\"1701\">Toimitusaika: 3\u20137 arkip\u00e4iv\u00e4\u00e4<br \/>\nKaikki tilaukset l\u00e4hetet\u00e4\u00e4n nopeasti ja huolellisesti pakattuna. Useimmat tilaukset saapuvat 3\u20137 arkip\u00e4iv\u00e4n kuluessa.<\/p>\n<p data-start=\"1463\" data-end=\"1701\"><strong data-start=\"1463\" data-end=\"1520\">Book Nook \u201dHoliday Caf\u00e9\u201d \u2013 Stories in Books -sarjasta<\/strong> tuo kirjahyllyysi kauniin ja tunnelmallisen kahvilakohtauksen. T\u00e4m\u00e4 yksityiskohtainen 3D puinen DIY-rakennussarja mahdollistaa pienen juhlatunnelmaa huokuvan kahvilan rakentamisen.<\/p>\n<p data-start=\"1703\" data-end=\"1855\">Tarkasti leikatut puuosat sopivat t\u00e4ydellisesti yhteen ja luovat realistisen syvyysvaikutelman. Valmis miniatyyri toimii n\u00e4ytt\u00e4v\u00e4n\u00e4 sisustuselementtin\u00e4.<\/p>\n<p data-start=\"1857\" data-end=\"1972\">\u2714 Yksityiskohtainen design<br data-start=\"1883\" data-end=\"1886\" \/>\u2714 Rentouttava DIY-kokemus<br data-start=\"1911\" data-end=\"1914\" \/>\u2714 Erinomainen lahjaidea<br data-start=\"1937\" data-end=\"1940\" \/>\u2714 Tyylik\u00e4s kirjahyllyn koriste<\/p>\n","protected":false},"featured_media":11023,"template":"","meta":[],"product_brand":[],"product_cat":[70],"product_tag":[85],"class_list":{"0":"post-11022","1":"product","2":"type-product","3":"status-publish","4":"has-post-thumbnail","6":"product_cat-puidust-3d-pusled","7":"product_tag-valgustusega","9":"first","10":"instock","11":"shipping-taxable","12":"purchasable","13":"product-type-simple"},"_links":{"self":[{"href":"https:\/\/brainiwood.com\/fi\/wp-json\/wp\/v2\/product\/11022","targetHints":{"allow":["GET"]}}],"collection":[{"href":"https:\/\/brainiwood.com\/fi\/wp-json\/wp\/v2\/product"}],"about":[{"href":"https:\/\/brainiwood.com\/fi\/wp-json\/wp\/v2\/types\/product"}],"wp:featuredmedia":[{"embeddable":true,"href":"https:\/\/brainiwood.com\/fi\/wp-json\/wp\/v2\/media\/11023"}],"wp:attachment":[{"href":"https:\/\/brainiwood.com\/fi\/wp-json\/wp\/v2\/media?parent=11022"}],"wp:term":[{"taxonomy":"product_brand","embeddable":true,"href":"https:\/\/brainiwood.com\/fi\/wp-json\/wp\/v2\/product_brand?post=11022"},{"taxonomy":"product_cat","embeddable":true,"href":"https:\/\/brainiwood.com\/fi\/wp-json\/wp\/v2\/product_cat?post=11022"},{"taxonomy":"product_tag","embeddable":true,"href":"https:\/\/brainiwood.com\/fi\/wp-json\/wp\/v2\/product_tag?post=11022"}],"curies":[{"name":"wp","href":"https:\/\/api.w.org\/{rel}","templated":true}]}}