{"id":11031,"date":"2026-02-12T15:04:32","date_gmt":"2026-02-12T13:04:32","guid":{"rendered":"https:\/\/brainiwood.com\/?post_type=product&#038;p=11031"},"modified":"2026-03-15T07:37:57","modified_gmt":"2026-03-15T05:37:57","slug":"3d-puidust-aurumasina-mudel-brainiwood-3d","status":"publish","type":"product","link":"https:\/\/brainiwood.com\/fi\/toode\/3d-puidust-aurumasina-mudel-brainiwood-3d\/","title":{"rendered":"ROKR \u201dThe Age of Steam\u201d \u2013 3D puinen h\u00f6yrykoneen pienoismalli"},"content":{"rendered":"<p><\/p>\n<ul>\n<li>ROKR 3D puinen h\u00f6yrykoneen malli \u2013 The Age of Steam yleiskatsaus<\/li>\n<li><\/li>\n<li>ROKR 3D puinen h\u00f6yrykoneen malli \u201cThe Age of Steam\u201d on yksityiskohtainen DIY-rakennussarja liikkuvilla osilla harrastajille.<\/li>\n<li><\/li>\n<li>Nappuloiden m\u00e4\u00e4r\u00e4: 469<\/li>\n<li>Vaikeustaso: \u2605\u2605\u2605\u2605\u2605\u2606<\/li>\n<li>Kokoamisaika: Noin 7 tuntia<\/li>\n<li>Paketin koko: 317*233*57,5mm<\/li>\n<li>Kokoonpanokoko: 360*120*146mm<\/li>\n<\/ul>\n<p><\/p>","protected":false},"excerpt":{"rendered":"<p data-start=\"1255\" data-end=\"1460\">Toimitusaika: 3\u20137 arkip\u00e4iv\u00e4\u00e4<br \/>\nKaikki tilaukset l\u00e4hetet\u00e4\u00e4n nopeasti ja huolellisesti pakattuna. Useimmat tilaukset saapuvat 3\u20137 arkip\u00e4iv\u00e4n kuluessa.<\/p>\n<p data-start=\"1255\" data-end=\"1460\"><strong data-start=\"1255\" data-end=\"1282\">ROKR \u201dThe Age of Steam\u201d<\/strong> tuo h\u00f6yrykoneiden kultakauden ty\u00f6p\u00f6yd\u00e4llesi. T\u00e4m\u00e4 yksityiskohtainen 3D puinen mekaaninen malli yhdist\u00e4\u00e4 insin\u00f6\u00f6ritaidon, historiallisen muotoilun ja rentouttavan DIY-kokemuksen.<\/p>\n<p data-start=\"1462\" data-end=\"1572\">Tarkasti leikatut puuosat sopivat t\u00e4ydellisesti yhteen, ja valmis malli toimii n\u00e4ytt\u00e4v\u00e4n\u00e4 sisustuselementtin\u00e4.<\/p>\n<p data-start=\"1574\" data-end=\"1670\">\u2714 Yksityiskohtainen design<br data-start=\"1600\" data-end=\"1603\" \/>\u2714 Mekaaninen malli<br data-start=\"1621\" data-end=\"1624\" \/>\u2714 T\u00e4ydellinen lahjaidea<br data-start=\"1647\" data-end=\"1650\" \/>\u2714 Tyylik\u00e4s koriste<\/p>\n","protected":false},"featured_media":11032,"template":"","meta":[],"product_brand":[],"product_cat":[70],"product_tag":[87],"class_list":{"0":"post-11031","1":"product","2":"type-product","3":"status-publish","4":"has-post-thumbnail","6":"product_cat-puidust-3d-pusled","7":"product_tag-mechanical","9":"first","10":"instock","11":"shipping-taxable","12":"purchasable","13":"product-type-simple"},"_links":{"self":[{"href":"https:\/\/brainiwood.com\/fi\/wp-json\/wp\/v2\/product\/11031","targetHints":{"allow":["GET"]}}],"collection":[{"href":"https:\/\/brainiwood.com\/fi\/wp-json\/wp\/v2\/product"}],"about":[{"href":"https:\/\/brainiwood.com\/fi\/wp-json\/wp\/v2\/types\/product"}],"wp:featuredmedia":[{"embeddable":true,"href":"https:\/\/brainiwood.com\/fi\/wp-json\/wp\/v2\/media\/11032"}],"wp:attachment":[{"href":"https:\/\/brainiwood.com\/fi\/wp-json\/wp\/v2\/media?parent=11031"}],"wp:term":[{"taxonomy":"product_brand","embeddable":true,"href":"https:\/\/brainiwood.com\/fi\/wp-json\/wp\/v2\/product_brand?post=11031"},{"taxonomy":"product_cat","embeddable":true,"href":"https:\/\/brainiwood.com\/fi\/wp-json\/wp\/v2\/product_cat?post=11031"},{"taxonomy":"product_tag","embeddable":true,"href":"https:\/\/brainiwood.com\/fi\/wp-json\/wp\/v2\/product_tag?post=11031"}],"curies":[{"name":"wp","href":"https:\/\/api.w.org\/{rel}","templated":true}]}}