{"id":11040,"date":"2026-02-12T15:20:21","date_gmt":"2026-02-12T13:20:21","guid":{"rendered":"https:\/\/brainiwood.com\/?post_type=product&#038;p=11040"},"modified":"2026-03-15T07:37:19","modified_gmt":"2026-03-15T05:37:19","slug":"rokr-mehaaniline-mootorratas-3d-puidust-pusle","status":"publish","type":"product","link":"https:\/\/brainiwood.com\/fi\/toode\/rokr-mehaaniline-mootorratas-3d-puidust-pusle\/","title":{"rendered":"ROKR Mekaaninen Moottoripy\u00f6r\u00e4 \u2013 3D puinen jousik\u00e4ytt\u00f6inen malli"},"content":{"rendered":"<p>ROKR 3D puinen mekaaninen moottoripy\u00f6r\u00e4 \u2013 jousimekanismilla<\/p>\n<p>&nbsp;<\/p>\n<p>ROKR 3D puinen mekaaninen moottoripy\u00f6r\u00e4 on tarkasti suunniteltu rakennussarja, jossa on toimiva jousimekanismi.<\/p>\n<p>Nappulat\u00a0 420<\/p>\n<ul>\n<li>Kokoamisaika: 5h<\/li>\n<li>Vaikeustaso: \u2b50\u2b50\u2b50\u2b50<\/li>\n<li>Koko: K:10,6&#8243;(27 cm)*W:4,6&#8243;(11,6 cm)*D:6,3&#8243;(16cm)<\/li>\n<\/ul>\n<p><\/p>","protected":false},"excerpt":{"rendered":"<p data-start=\"1176\" data-end=\"1399\">Toimitusaika: 3\u20137 arkip\u00e4iv\u00e4\u00e4<br \/>\nKaikki tilaukset l\u00e4hetet\u00e4\u00e4n nopeasti ja huolellisesti pakattuna. Useimmat tilaukset saapuvat 3\u20137 arkip\u00e4iv\u00e4n kuluessa.<\/p>\n<p data-start=\"1176\" data-end=\"1399\"><strong data-start=\"1176\" data-end=\"1209\">ROKR mekaaninen moottoripy\u00f6r\u00e4<\/strong> on yksityiskohtainen 3D puinen rakennussarja, joka tarjoaa aidon insin\u00f6\u00f6rikokemuksen. Kun ved\u00e4t jousen, malli liikkuu eteenp\u00e4in jopa 7\u201310 jalkaa ja moottorin m\u00e4nn\u00e4t liikkuvat realistisesti.<\/p>\n<p data-start=\"1401\" data-end=\"1512\">T\u00e4m\u00e4 ei ole pelkk\u00e4 koriste \u2013 se on toimiva mekaaninen malli, joka tekee rakentamisesta hauskaa ja opettavaista.<\/p>\n<p data-start=\"1514\" data-end=\"1644\">\u2714 Jousik\u00e4ytt\u00f6inen liikkuva malli<br data-start=\"1546\" data-end=\"1549\" \/>\u2714 N\u00e4kyv\u00e4t liikkuvat m\u00e4nn\u00e4t<br data-start=\"1575\" data-end=\"1578\" \/>\u2714 Hauska ja palkitseva rakennuskokemus<br data-start=\"1616\" data-end=\"1619\" \/>\u2714 T\u00e4ydellinen lahjaidea<\/p>\n","protected":false},"featured_media":11041,"template":"","meta":[],"product_brand":[],"product_cat":[70],"product_tag":[87],"class_list":{"0":"post-11040","1":"product","2":"type-product","3":"status-publish","4":"has-post-thumbnail","6":"product_cat-puidust-3d-pusled","7":"product_tag-mechanical","9":"first","10":"instock","11":"shipping-taxable","12":"purchasable","13":"product-type-simple"},"_links":{"self":[{"href":"https:\/\/brainiwood.com\/fi\/wp-json\/wp\/v2\/product\/11040","targetHints":{"allow":["GET"]}}],"collection":[{"href":"https:\/\/brainiwood.com\/fi\/wp-json\/wp\/v2\/product"}],"about":[{"href":"https:\/\/brainiwood.com\/fi\/wp-json\/wp\/v2\/types\/product"}],"wp:featuredmedia":[{"embeddable":true,"href":"https:\/\/brainiwood.com\/fi\/wp-json\/wp\/v2\/media\/11041"}],"wp:attachment":[{"href":"https:\/\/brainiwood.com\/fi\/wp-json\/wp\/v2\/media?parent=11040"}],"wp:term":[{"taxonomy":"product_brand","embeddable":true,"href":"https:\/\/brainiwood.com\/fi\/wp-json\/wp\/v2\/product_brand?post=11040"},{"taxonomy":"product_cat","embeddable":true,"href":"https:\/\/brainiwood.com\/fi\/wp-json\/wp\/v2\/product_cat?post=11040"},{"taxonomy":"product_tag","embeddable":true,"href":"https:\/\/brainiwood.com\/fi\/wp-json\/wp\/v2\/product_tag?post=11040"}],"curies":[{"name":"wp","href":"https:\/\/api.w.org\/{rel}","templated":true}]}}