{"id":11047,"date":"2026-02-12T15:38:40","date_gmt":"2026-02-12T13:38:40","guid":{"rendered":"https:\/\/brainiwood.com\/?post_type=product&#038;p=11047"},"modified":"2026-03-15T07:36:37","modified_gmt":"2026-03-15T05:36:37","slug":"piraaditeleskoop-3d-puidust-mudel-statiiviga","status":"publish","type":"product","link":"https:\/\/brainiwood.com\/fi\/toode\/piraaditeleskoop-3d-puidust-mudel-statiiviga\/","title":{"rendered":"ROKR Retro Merirosvokaukoputki \u2013 3D puinen malli jalustalla"},"content":{"rendered":"<p><\/p>\n<ul>\n<li>ROKR 3D puinen merirosvokaukoputki<\/li>\n<li><\/li>\n<li>ROKR 3D puinen merirosvokaukoputki on tarkasti suunniteltu DIY-mallisarja, joka on saanut inspiraationsa klassisista merikaukoputkista. Jatkettava rakenne ja vakaa jalusta tekev\u00e4t mallista n\u00e4ytt\u00e4v\u00e4n ja autenttisen. Sarja sis\u00e4lt\u00e4\u00e4 tarkasti leikatut puiset osat ja tarjoaa nautinnollisen rakennuskokemuksen. T\u00e4ydellinen valinta harrastajille, ker\u00e4ilij\u00f6ille ja vintage-tyylin yst\u00e4ville.<\/li>\n<li><\/li>\n<li>Nappulat: 314<\/li>\n<li>Kokoamisaika: 2,5 tuntia<\/li>\n<li>Vaikeustaso: \u2b50\u2b50\u2b50<\/li>\n<li>Koko: K:13,0&#8243;(33cm)*W:9,4&#8243;(24cm)*D:12,8&#8243;(32,5cm)<\/li>\n<\/ul>\n<p><\/p>","protected":false},"excerpt":{"rendered":"<p data-start=\"1304\" data-end=\"1513\">Toimitusaika: 3\u20137 arkip\u00e4iv\u00e4\u00e4<br \/>\nKaikki tilaukset l\u00e4hetet\u00e4\u00e4n nopeasti ja huolellisesti pakattuna. Useimmat tilaukset saapuvat 3\u20137 arkip\u00e4iv\u00e4n kuluessa.<\/p>\n<p data-start=\"1304\" data-end=\"1513\"><strong data-start=\"1304\" data-end=\"1338\">ROKR Retro Merirosvokaukoputki<\/strong> on inspiroitunut klassisista merimatkailijoiden teleskoopeista. Huolellisesti suunniteltu retrodesign ja koristeelliset painatukset tekev\u00e4t siit\u00e4 n\u00e4ytt\u00e4v\u00e4n sisustuselementin.<\/p>\n<p data-start=\"1515\" data-end=\"1692\">Kolme ulosvedett\u00e4v\u00e4\u00e4 putkea mahdollistavat pituuden s\u00e4\u00e4t\u00e4misen \u2013 ty\u00f6nn\u00e4 ja ved\u00e4 putkia ja katso linssin l\u00e4pi suurennettua n\u00e4kym\u00e4\u00e4. Pidennett\u00e4v\u00e4 jalusta lis\u00e4\u00e4 vakautta ja tyyli\u00e4.<\/p>\n<p data-start=\"1694\" data-end=\"1810\">\u2714 Kolmiosainen teleskooppirakenne<br data-start=\"1727\" data-end=\"1730\" \/>\u2714 Retro merirosvoteema<br data-start=\"1752\" data-end=\"1755\" \/>\u2714 Toimiva ja koristeellinen<br data-start=\"1782\" data-end=\"1785\" \/>\u2714 Erinomainen lahjaidea<\/p>\n","protected":false},"featured_media":11048,"template":"","meta":[],"product_brand":[],"product_cat":[70],"product_tag":[],"class_list":{"0":"post-11047","1":"product","2":"type-product","3":"status-publish","4":"has-post-thumbnail","6":"product_cat-puidust-3d-pusled","8":"first","9":"instock","10":"shipping-taxable","11":"purchasable","12":"product-type-simple"},"_links":{"self":[{"href":"https:\/\/brainiwood.com\/fi\/wp-json\/wp\/v2\/product\/11047","targetHints":{"allow":["GET"]}}],"collection":[{"href":"https:\/\/brainiwood.com\/fi\/wp-json\/wp\/v2\/product"}],"about":[{"href":"https:\/\/brainiwood.com\/fi\/wp-json\/wp\/v2\/types\/product"}],"wp:featuredmedia":[{"embeddable":true,"href":"https:\/\/brainiwood.com\/fi\/wp-json\/wp\/v2\/media\/11048"}],"wp:attachment":[{"href":"https:\/\/brainiwood.com\/fi\/wp-json\/wp\/v2\/media?parent=11047"}],"wp:term":[{"taxonomy":"product_brand","embeddable":true,"href":"https:\/\/brainiwood.com\/fi\/wp-json\/wp\/v2\/product_brand?post=11047"},{"taxonomy":"product_cat","embeddable":true,"href":"https:\/\/brainiwood.com\/fi\/wp-json\/wp\/v2\/product_cat?post=11047"},{"taxonomy":"product_tag","embeddable":true,"href":"https:\/\/brainiwood.com\/fi\/wp-json\/wp\/v2\/product_tag?post=11047"}],"curies":[{"name":"wp","href":"https:\/\/api.w.org\/{rel}","templated":true}]}}