{"id":11055,"date":"2026-02-12T16:04:41","date_gmt":"2026-02-12T14:04:41","guid":{"rendered":"https:\/\/brainiwood.com\/?post_type=product&#038;p=11055"},"modified":"2026-03-21T16:34:48","modified_gmt":"2026-03-21T14:34:48","slug":"retroauto-3d-puidust-klassikalise-auto-mudel","status":"publish","type":"product","link":"https:\/\/brainiwood.com\/fi\/toode\/retroauto-3d-puidust-klassikalise-auto-mudel\/","title":{"rendered":"ROKR Retroauto \u2013 3D puinen klassikkoautomalli"},"content":{"rendered":"<p><\/p>\n<ul>\n<li>ROKR 3D puinen retroauto \u2013 klassisen mallin yleiskatsaus<\/li>\n<li><\/li>\n<li>ROKR 3D puinen retroauto on tarkasti suunniteltu DIY-mallisarja, joka on saanut inspiraationsa klassisesta autodesignista. T\u00e4m\u00e4 mekaaninen puinen rakennussarja sis\u00e4lt\u00e4\u00e4 tarkasti leikatut osat ja liikkuvia elementtej\u00e4, jotka tekev\u00e4t kokoamisesta nautinnollisen kokemuksen. T\u00e4ydellinen valinta harrastajille ja ker\u00e4ilij\u00f6ille, jotka arvostavat k\u00e4sity\u00f6t\u00e4 ja insin\u00f6\u00f6ritaitoa. Rakenna oma ajaton klassikkosi.<\/li>\n<li><\/li>\n<li>Nappuloita: 298<\/li>\n<li>Kokoamisaika: 4 tuntia<\/li>\n<li>Vaikeustaso: \u2b50\u2b50\u2b50<\/li>\n<li>Koko: Keskipituus: 4,5&#8243; (11,5 cm)*W:3,6&#8243;(9,2 cm)*D:7,5&#8243;(19cm)<\/li>\n<\/ul>\n<p><\/p>","protected":false},"excerpt":{"rendered":"<p data-start=\"1264\" data-end=\"1474\">Toimitusaika: 3\u20137 arkip\u00e4iv\u00e4\u00e4<br \/>\nKaikki tilaukset l\u00e4hetet\u00e4\u00e4n nopeasti ja huolellisesti pakattuna. Useimmat tilaukset saapuvat 3\u20137 arkip\u00e4iv\u00e4n kuluessa.<\/p>\n<p data-start=\"1264\" data-end=\"1474\"><strong data-start=\"1264\" data-end=\"1301\">ROKR Retroauto 3D puinen palapeli<\/strong> antaa sinulle mahdollisuuden rakentaa tyylikk\u00e4\u00e4n klassikkoauton pienoismallin. Vintage-henkinen muotoilu ja tarkat yksityiskohdat tekev\u00e4t t\u00e4st\u00e4 n\u00e4ytt\u00e4v\u00e4n sisustuselementin.<\/p>\n<p data-start=\"1476\" data-end=\"1630\">Laserleikatut puuosat sopivat tarkasti yhteen ja luovat realistisen lopputuloksen. Valmis malli sopii hyllylle, toimistoon tai lahjaksi autoharrastajalle.<\/p>\n<p data-start=\"1632\" data-end=\"1735\">\u2714 Klassinen retrodesign<br data-start=\"1655\" data-end=\"1658\" \/>\u2714 Yksityiskohtainen 3D malli<br data-start=\"1686\" data-end=\"1689\" \/>\u2714 T\u00e4ydellinen lahjaidea<br data-start=\"1712\" data-end=\"1715\" \/>\u2714 Tyylik\u00e4s koriste<\/p>\n","protected":false},"featured_media":11058,"template":"","meta":[],"product_brand":[],"product_cat":[88,70],"product_tag":[],"class_list":{"0":"post-11055","1":"product","2":"type-product","3":"status-publish","4":"has-post-thumbnail","6":"product_cat-auto","7":"product_cat-puidust-3d-pusled","9":"first","10":"instock","11":"shipping-taxable","12":"purchasable","13":"product-type-simple"},"_links":{"self":[{"href":"https:\/\/brainiwood.com\/fi\/wp-json\/wp\/v2\/product\/11055","targetHints":{"allow":["GET"]}}],"collection":[{"href":"https:\/\/brainiwood.com\/fi\/wp-json\/wp\/v2\/product"}],"about":[{"href":"https:\/\/brainiwood.com\/fi\/wp-json\/wp\/v2\/types\/product"}],"wp:featuredmedia":[{"embeddable":true,"href":"https:\/\/brainiwood.com\/fi\/wp-json\/wp\/v2\/media\/11058"}],"wp:attachment":[{"href":"https:\/\/brainiwood.com\/fi\/wp-json\/wp\/v2\/media?parent=11055"}],"wp:term":[{"taxonomy":"product_brand","embeddable":true,"href":"https:\/\/brainiwood.com\/fi\/wp-json\/wp\/v2\/product_brand?post=11055"},{"taxonomy":"product_cat","embeddable":true,"href":"https:\/\/brainiwood.com\/fi\/wp-json\/wp\/v2\/product_cat?post=11055"},{"taxonomy":"product_tag","embeddable":true,"href":"https:\/\/brainiwood.com\/fi\/wp-json\/wp\/v2\/product_tag?post=11055"}],"curies":[{"name":"wp","href":"https:\/\/api.w.org\/{rel}","templated":true}]}}