{"id":11062,"date":"2026-02-12T16:15:59","date_gmt":"2026-02-12T14:15:59","guid":{"rendered":"https:\/\/brainiwood.com\/?post_type=product&#038;p=11062"},"modified":"2026-04-13T12:25:08","modified_gmt":"2026-04-13T09:25:08","slug":"3d-puidust-seinakell-mehaanilise-disainiga","status":"publish","type":"product","link":"https:\/\/brainiwood.com\/fi\/toode\/rokr-3d-puinen-seinakello-itse-koottava-mekaaninen-malli\/","title":{"rendered":"ROKR 3D Puinen Sein\u00e4kello \u2013 Itse koottava mekaaninen malli"},"content":{"rendered":"<p>ROKR 3D puinen sein\u00e4kello \u2013 Mekaanisen DIY-mallisarjan yleiskatsaus<\/p>\n<ul>\n<li><\/li>\n<li>Koe insin\u00f6\u00f6rity\u00f6n ja muotoilun taika ROKR 3D puisen sein\u00e4kellon avulla. T\u00e4m\u00e4 DIY-kit antaa sinun koota upean, t\u00e4ysin toimivan sein\u00e4kellon monimutkaisilla puisilla rattailla ja mekaanisella vieh\u00e4tyksell\u00e4. T\u00e4ydellinen sekoitus luovuutta, romantiikkaa ja k\u00e4yt\u00e4nn\u00f6llisyytt\u00e4 \u2013 ihanteellinen kotiisi tai ainutlaatuiseksi lahjaksi. Her\u00e4t\u00e4 harrastuksesi henkiin t\u00e4m\u00e4n poikkeuksellisen mekaanisen mestariteoksen avulla!<\/li>\n<li><\/li>\n<li>Koko: 298*107*644 mm (11,7*4,2*25,3 tuumaa)<\/li>\n<li>Pakettikoko: 470*307*55mm (18,5*12,1*2,2 tuumaa)<\/li>\n<li>Nappuloiden m\u00e4\u00e4r\u00e4: 231 kpl<\/li>\n<li>Vaikeustaso: Keskitaso<\/li>\n<li>Kokoamisaika: Noin 6 tuntia<\/li>\n<\/ul>\n<p><\/p>","protected":false},"excerpt":{"rendered":"<p data-start=\"1369\" data-end=\"1550\">Toimitusaika: 3\u20137 arkip\u00e4iv\u00e4\u00e4<br \/>\nKaikki tilaukset l\u00e4hetet\u00e4\u00e4n nopeasti ja huolellisesti pakattuna. Useimmat tilaukset saapuvat 3\u20137 arkip\u00e4iv\u00e4n kuluessa.<\/p>\n<p data-start=\"1369\" data-end=\"1550\"><strong data-start=\"1369\" data-end=\"1398\">ROKR 3D puinen sein\u00e4kello<\/strong> yhdist\u00e4\u00e4 insin\u00f6\u00f6ritaidon ja tyylikk\u00e4\u00e4n muotoilun. T\u00e4m\u00e4 itse koottava rakennussarja antaa mahdollisuuden luoda n\u00e4ytt\u00e4v\u00e4n ja t\u00e4ysin toimivan sein\u00e4kellon.<\/p>\n<p data-start=\"1552\" data-end=\"1700\">Yksityiskohtaiset puuosat muodostavat kauniin mekaanisen kuvion. Valmis tuote ei ole pelkk\u00e4 koriste \u2013 se on oikea kello, joka n\u00e4ytt\u00e4\u00e4 tarkkaa aikaa.<\/p>\n<p data-start=\"1702\" data-end=\"1810\">\u2714 Toimiva sein\u00e4kello<br data-start=\"1722\" data-end=\"1725\" \/>\u2714 3D DIY rakennussarja<br data-start=\"1747\" data-end=\"1750\" \/>\u2714 Tyylik\u00e4s ja romanttinen design<br data-start=\"1782\" data-end=\"1785\" \/>\u2714 Erinomainen lahjaidea<\/p>\n","protected":false},"featured_media":11068,"template":"","meta":[],"product_brand":[],"product_cat":[70],"product_tag":[87],"class_list":{"0":"post-11062","1":"product","2":"type-product","3":"status-publish","4":"has-post-thumbnail","6":"product_cat-puidust-3d-pusled","7":"product_tag-mechanical","9":"first","10":"instock","11":"shipping-taxable","12":"purchasable","13":"product-type-simple"},"_links":{"self":[{"href":"https:\/\/brainiwood.com\/fi\/wp-json\/wp\/v2\/product\/11062","targetHints":{"allow":["GET"]}}],"collection":[{"href":"https:\/\/brainiwood.com\/fi\/wp-json\/wp\/v2\/product"}],"about":[{"href":"https:\/\/brainiwood.com\/fi\/wp-json\/wp\/v2\/types\/product"}],"wp:featuredmedia":[{"embeddable":true,"href":"https:\/\/brainiwood.com\/fi\/wp-json\/wp\/v2\/media\/11068"}],"wp:attachment":[{"href":"https:\/\/brainiwood.com\/fi\/wp-json\/wp\/v2\/media?parent=11062"}],"wp:term":[{"taxonomy":"product_brand","embeddable":true,"href":"https:\/\/brainiwood.com\/fi\/wp-json\/wp\/v2\/product_brand?post=11062"},{"taxonomy":"product_cat","embeddable":true,"href":"https:\/\/brainiwood.com\/fi\/wp-json\/wp\/v2\/product_cat?post=11062"},{"taxonomy":"product_tag","embeddable":true,"href":"https:\/\/brainiwood.com\/fi\/wp-json\/wp\/v2\/product_tag?post=11062"}],"curies":[{"name":"wp","href":"https:\/\/api.w.org\/{rel}","templated":true}]}}